{"id":20,"date":"2025-11-17T09:37:28","date_gmt":"2025-11-17T08:37:28","guid":{"rendered":"https:\/\/dev.sautter-pomor.fr\/sautter-pomor\/?page_id=20"},"modified":"2025-11-17T09:40:41","modified_gmt":"2025-11-17T08:40:41","slug":"mentions-legales","status":"publish","type":"page","link":"https:\/\/dev.sautter-pomor.fr\/sautter-pomor\/mentions-legales\/","title":{"rendered":"mentions-legales"},"content":{"rendered":"\n<p>H\u00e9bergement : Coraxys<br>Adresse: Espace Europ\u00e9en de l\u2019Entreprise, 11 rue de la Haye, 67300 SCHILTIGHEIM<br>Site Web : https:\/\/coraxis.fr\/<\/p>\n\n\n\n<h2 class=\"wp-block-heading\">Conception<\/h2>\n\n\n\n<p>Conception et design : <br>Magali Nest Design Graphique<br>www.mngrafik.fr<br><br>Direction artistique:<br>Attitude.com<\/p>\n\n\n\n<p>Ce Site est destin\u00e9 \u00e0 l\u2019information personnelle des internautes qui l\u2019utilisent. La connexion et l\u2019acc\u00e8s \u00e0 ce Site impliquent l\u2019acceptation int\u00e9grale et sans r\u00e9serve de l\u2019internaute de toutes les dispositions des Conditions. La soci\u00e9t\u00e9 Sautter se r\u00e9serve le droit de modifier et de mettre \u00e0 jour, sans pr\u00e9avis, les Conditions et tout ou partie des informations ou \u00e9l\u00e9ments figurant sur le Site. L\u2019ensemble de ces modifications s\u2019impose aux internautes qui doivent consulter les Conditions lors de chaque connexion.<br>Les informations contenues dans le Site n\u2019ont qu\u2019une valeur indicative et sont susceptibles d\u2019\u00e9voluer en fonction des modifications l\u00e9gislatives et r\u00e9glementaires. La soci\u00e9t\u00e9 Sautter ne peut \u00eatre tenu responsable de l\u2019interpr\u00e9tation qui pourrait \u00eatre faite des informations contenues dans ce Site. Tous les documents accessibles, le cas \u00e9ch\u00e9ant, en t\u00e9l\u00e9chargement ou les \u00e9ventuels prix sont fournis \u00e0 titre informatif et n\u2019ont pas de valeur contractuelle. Seul un document d\u00e9livr\u00e9 par la soci\u00e9t\u00e9 Sautter fait foi et engage ladite soci\u00e9t\u00e9 Sautter.<\/p>\n\n\n\n<h2 class=\"wp-block-heading\"><br>Droits de propri\u00e9t\u00e9 intellectuelle<\/h2>\n\n\n\n<p>La soci\u00e9t\u00e9 Sautter avise les internautes que de nombreux \u00e9l\u00e9ments du Site sont prot\u00e9g\u00e9s :<br>\u2013 par la l\u00e9gislation sur le droit d\u2019auteur (notamment les photographies, articles, enregistrements au format audio ou vid\u00e9o num\u00e9riques)<br>Les \u00e9l\u00e9ments ainsi prot\u00e9g\u00e9s sont la propri\u00e9t\u00e9, selon le cas, de la soci\u00e9t\u00e9 Sautter, ou des fournisseurs ayant autoris\u00e9 la soci\u00e9t\u00e9 Sautter \u00e0 utiliser les \u00e9l\u00e9ments exclusivement pour les besoins de commercialisation des produits.<br>A ce titre, toute reproduction, repr\u00e9sentation, utilisation, adaptation, modification, incorporation, traduction, commercialisation, partielle(s) ou int\u00e9grale(s) de quelque mani\u00e8re, sous quelque forme, par quelque proc\u00e9d\u00e9 et sur quelque support que ce soit (papier, num\u00e9rique, \u2026) sont interdites, sans l\u2019autorisation \u00e9crite pr\u00e9alable de la sa soci\u00e9t\u00e9 Sautter, hormis les exceptions l\u00e9galement admises par le Code la Propri\u00e9t\u00e9 Intellectuelle (notamment au titre de la copie priv\u00e9e), sous peine de contrefa\u00e7on, susceptible d\u2019entra\u00eener une peine d\u2019emprisonnement et une amende substantielle.<br>Photos non contractuelles<br>Cr\u00e9dits photos \u2013 FOTOLIA.com et denis-merck.fr<br>130198693 \u00a9 arfo \u2013 FOTOLIA.com<br>114841689 \u00a9 annamavritta \u2013 FOTOLIA.com<br>60736448 \u00a9 ld1976 \u2013 FOTOLIA.com<br>Informations relatives au contenu du Site<\/p>\n\n\n\n<p>Les informations et illustrations figurant sur les pages de ce Site sont bas\u00e9es sur les caract\u00e9ristiques techniques en cours au moment de la mise en ligne ou de la mise \u00e0 jour des diff\u00e9rentes pages du Site.<br>Les \u00e9ventuels prix sont mentionn\u00e9s exclusivement \u00e0 titre indicatif et s\u2019entendent hors pi\u00e8ces, sauf s\u2019il s\u2019agit de forfaits. Ces forfaits ne sont valables que pour la p\u00e9riode indiqu\u00e9e.<\/p>\n\n\n\n<h2 class=\"wp-block-heading\">Donn\u00e9es personnelles<\/h2>\n\n\n\n<p>Les internautes b\u00e9n\u00e9ficient d\u2019un droit d\u2019acc\u00e8s, de modification, de rectification et\/ou de suppression des donn\u00e9es personnelles ou nominatives les concernant, conform\u00e9ment \u00e0 la loi n\u00b078-17 du 6 janvier 1978 relative \u00e0 l\u2019informatique, aux fichiers et aux libert\u00e9s, modifi\u00e9e par la loi n\u00b02004-801 du 6 ao\u00fbt 2004. Ce droit peut \u00eatre exerc\u00e9 aupr\u00e8s de : Sautter \u2013 3 route de Strasbourg \u2013 67770 SESSENHEIM<br>La collecte des informations est n\u00e9cessaire pour r\u00e9pondre, le cas \u00e9ch\u00e9ant, aux demandes de renseignement, de prise de rendez-vous de l\u2019internaute.<br>Certaines informations sont par ailleurs destin\u00e9es \u00e0 notre soci\u00e9t\u00e9 Sautter et aux r\u00e9seaux commerciaux de cette derni\u00e8re et pourront \u00e9galement \u00eatre utilis\u00e9es dans le cadre d\u2019op\u00e9rations commerciales ou de marketing ou servir de base \u00e0 des \u00e9tudes et analyses. Si l\u2019internaute ne le souhaite pas, il doit cocher la case ci-contre.<br>L\u2019internaute peut \u00e9galement, pour des motifs l\u00e9gitimes, s\u2019opposer au traitement des donn\u00e9es le concernant.<\/p>\n\n\n\n<h2 class=\"wp-block-heading\">\u00ab Cookies \u00bb<\/h2>\n\n\n\n<p>Un cookie dans l\u2019ordinateur de l\u2019internaute peut \u00eatre implant\u00e9 ; Il stocke des informations relatives \u00e0 la navigation sur le Site (les pages consult\u00e9es, la date et l\u2019heure de la consultation, etc.) ces informations pourront \u00eatre lues lors des prochaines visites. La dur\u00e9e de conservation de ces informations est de 30 minutes. Ce cookie ne permet pas d\u2019identifier l\u2019internaute.<br>L\u2019internaute peut s\u2019opposer \u00e0 l\u2019enregistrement des cookies en param\u00e9trant son navigateur de la mani\u00e8re suivante :<br>Pour Mozilla firefox :<\/p>\n\n\n\n<ol class=\"wp-block-list\">\n<li>Choisissez le menu \u201coutil \u201d puis \u201cOptions\u201d<\/li>\n\n\n\n<li>Cliquez sur l\u2019ic\u00f4ne \u201cvie priv\u00e9e\u201d<\/li>\n\n\n\n<li>Rep\u00e9rez le menu \u201ccookie\u201d et s\u00e9lectionnez les options qui vous conviennent<br>Pour Microsoft Internet Explorer :<\/li>\n\n\n\n<li>choisissez le menu \u201cOutils\u201d (ou \u201cTools\u201d), puis \u201cOptions Internet\u201d (ou \u201cInternet Options\u201d).<\/li>\n\n\n\n<li>cliquez sur l\u2019onglet \u201cConfidentialit\u00e9\u201d (ou \u201cConfidentiality\u201d)<\/li>\n\n\n\n<li>s\u00e9lectionnez le niveau souhait\u00e9 \u00e0 l\u2019aide du curseur.<br>Pour Op\u00e9ra :<\/li>\n\n\n\n<li>choisissez le menu \u201cFichier\u201d>\u201dPr\u00e9f\u00e9rences\u201d<\/li>\n\n\n\n<li>Vie Priv\u00e9e<br>S\u00e9curit\u00e9<\/li>\n<\/ol>\n\n\n\n<p>En utilisant le Site, l\u2019internaute s\u2019engage \u00e0 :<br>\u2013 ne proc\u00e9der \u00e0 aucune manipulation susceptible d\u2019entra\u00eener des pannes informatiques, fonctionnelles ou de tout ordre affectant le fonctionnement du Site ou de tout serveur ou service accessible par l\u2019interm\u00e9diaire du Site,<br>\u2013 \u00e0 respecter les lois et r\u00e8glements nationaux en vigueur, ainsi que les droits des tiers,<br>\u2013 \u00e0 ne pas porter pr\u00e9judice \u00e0 l\u2019image de la soci\u00e9t\u00e9 Sautter et\/ou de ses r\u00e9seaux \u00e0 quelque titre et sous quelque forme que ce soit.<\/p>\n\n\n\n<h2 class=\"wp-block-heading\">RESPONSABILIT\u00c9<\/h2>\n\n\n\n<p>Sous r\u00e9serve des dispositions l\u00e9gales ou r\u00e9glementaires applicables, la soci\u00e9t\u00e9 Sautter ne saurait \u00eatre tenu pour responsable de tout dommage direct ou indirect notamment, mais non limitativement, pertes de profits, de client\u00e8les, de donn\u00e9es, de biens incorporels pouvant intervenir du fait de l\u2019utilisation ou de l\u2019impossibilit\u00e9 d\u2019utilisation du Site, et plus g\u00e9n\u00e9ralement de tout \u00e9v\u00e8nement ayant un lien avec le Site et\/ou tout site tiers. En particulier, la responsabilit\u00e9 de la soci\u00e9t\u00e9 Sautter ne saurait \u00eatre engag\u00e9e en cas de piratage total ou partiel du Site et des dommages que ce piratage pourrait entrainer \u00e0 l\u2019\u00e9gard d\u2019un utilisateur ou \u00e0 l\u2019\u00e9gard d\u2019un tiers. Le Site peut contenir des liens hypertextes donnant acc\u00e8s \u00e0 d\u2019autres Sites \u00e9dit\u00e9s par des tiers. Le contenu de ces Sites ne peut en aucune mani\u00e8re engager la responsabilit\u00e9 de la soci\u00e9t\u00e9 Sautter. De m\u00eame, la simple mention de marque ou de nom de soci\u00e9t\u00e9 n\u2019engage pas la responsabilit\u00e9 de la soci\u00e9t\u00e9 Sautter sur la qualit\u00e9 r\u00e9elle ou suppos\u00e9e des produits ou des services rendus. Certains produits ou services pr\u00e9sent\u00e9s sur ce Site peuvent faire l\u2019objet de r\u00e9glementations particuli\u00e8res voire de restrictions et\/ou interdictions dans certains pays.<\/p>\n\n\n\n<h2 class=\"wp-block-heading\">GARANTIES<\/h2>\n\n\n\n<p>Sous r\u00e9serve des dispositions r\u00e9glementaires applicables, les textes, photos, vid\u00e9os, donn\u00e9es, affiches, logos, marques et autres \u00e9l\u00e9ments pr\u00e9sents sur le Site sont fournis \u201d en l\u2019\u00e9tat \u201c, accessibles en fonction de la disponibilit\u00e9 du Site et sans aucune garantie expresse ou implicite de la part de la soci\u00e9t\u00e9 Sautter. Son utilisation se fait aux risques et p\u00e9rils des internautes, sous leur enti\u00e8re responsabilit\u00e9.<br>La soci\u00e9t\u00e9 Sautter ne garantit pas que :<br>1\u00b0) le Site, les contenus et produits propos\u00e9s r\u00e9pondront parfaitement aux attentes des utilisateurs,<br>2\u00b0) le Site sera ininterrompu et d\u00e9pourvu de toutes erreurs, que ces interruptions ou erreurs seront corrig\u00e9es,<br>3\u00b0) le Site ne contiendra aucun virus.<\/p>\n\n\n\n<h2 class=\"wp-block-heading\">SUSPENSION OU FERMETURE DU SITE<\/h2>\n\n\n\n<p>La soci\u00e9t\u00e9 Sautter se r\u00e9serve la possibilit\u00e9 de modifier, d\u2019interrompre temporairement ou de fa\u00e7on permanente, tout ou partie du Site, sans pr\u00e9avis ni indemnit\u00e9, notamment mais non exclusivement, en cas de :<br>\u2013 violation par l\u2019internaute, des pr\u00e9sentes, sans pr\u00e9judice de tous autres droits au profit de la soci\u00e9t\u00e9 Sautter,<br>\u2013 probl\u00e8mes techniques li\u00e9s \u00e0 l\u2019infrastructure mise en place pour la mise en ligne et le fonctionnement du Site.<br>La soci\u00e9t\u00e9 Sautter ne pourra en aucun cas \u00eatre tenu pour responsable de toute modification, interruption ou suspension du Site.<br>Loi applicable \u2013 comp\u00e9tence<\/p>\n\n\n\n<p>Ce Site Internet et les pr\u00e9sentes Conditions sont soumis au droit fran\u00e7ais.<br>Tout litige qui surviendrait concernant l\u2019interpr\u00e9tation et\/ou l\u2019ex\u00e9cution des pr\u00e9sentes Mentions L\u00e9gales devra faire l\u2019objet d\u2019une tentative de r\u00e8glement amiable. A d\u00e9faut de r\u00e8glement amiable, le litige sera soumis aux tribunaux du si\u00e8ge social de la soci\u00e9t\u00e9 Sautter.<\/p>\n","protected":false},"excerpt":{"rendered":"<p>H\u00e9bergement : CoraxysAdresse: Espace Europ\u00e9en de l\u2019Entreprise, 11 rue de la Haye, 67300 SCHILTIGHEIMSite Web : https:\/\/coraxis.fr\/ Conception Conception et design : Magali Nest Design Graphiquewww.mngrafik.fr Direction artistique:Attitude.com Ce Site est destin\u00e9 \u00e0 l\u2019information personnelle des internautes qui l\u2019utilisent. La connexion et l\u2019acc\u00e8s \u00e0 ce Site impliquent l\u2019acceptation int\u00e9grale et sans r\u00e9serve de l\u2019internaute de [&hellip;]<\/p>\n","protected":false},"author":1,"featured_media":0,"parent":0,"menu_order":0,"comment_status":"closed","ping_status":"closed","template":"","meta":{"footnotes":""},"class_list":["post-20","page","type-page","status-publish","hentry"],"yoast_head":"<!-- This site is optimized with the Yoast SEO plugin v27.2 - https:\/\/yoast.com\/product\/yoast-seo-wordpress\/ -->\n<title>mentions-legales - Sautter-Pomor<\/title>\n<meta name=\"robots\" content=\"noindex, follow, max-snippet:-1, max-image-preview:large, max-video-preview:-1\" \/>\n<meta property=\"og:locale\" content=\"fr_FR\" \/>\n<meta property=\"og:type\" content=\"article\" \/>\n<meta property=\"og:title\" content=\"mentions-legales - Sautter-Pomor\" \/>\n<meta property=\"og:description\" content=\"H\u00e9bergement : CoraxysAdresse: Espace Europ\u00e9en de l\u2019Entreprise, 11 rue de la Haye, 67300 SCHILTIGHEIMSite Web : https:\/\/coraxis.fr\/ Conception Conception et design : Magali Nest Design Graphiquewww.mngrafik.fr Direction artistique:Attitude.com Ce Site est destin\u00e9 \u00e0 l\u2019information personnelle des internautes qui l\u2019utilisent. La connexion et l\u2019acc\u00e8s \u00e0 ce Site impliquent l\u2019acceptation int\u00e9grale et sans r\u00e9serve de l\u2019internaute de [&hellip;]\" \/>\n<meta property=\"og:url\" content=\"https:\/\/dev.sautter-pomor.fr\/sautter-pomor\/mentions-legales\/\" \/>\n<meta property=\"og:site_name\" content=\"Sautter-Pomor\" \/>\n<meta property=\"article:publisher\" content=\"https:\/\/www.facebook.com\/profile.php?id=100061598934867\" \/>\n<meta property=\"article:modified_time\" content=\"2025-11-17T08:40:41+00:00\" \/>\n<meta name=\"twitter:card\" content=\"summary_large_image\" \/>\n<meta name=\"twitter:label1\" content=\"Dur\u00e9e de lecture estim\u00e9e\" \/>\n\t<meta name=\"twitter:data1\" content=\"7 minutes\" \/>\n<script type=\"application\/ld+json\" class=\"yoast-schema-graph\">{\"@context\":\"https:\/\/schema.org\",\"@graph\":[{\"@type\":\"WebPage\",\"@id\":\"https:\/\/dev.sautter-pomor.fr\/sautter-pomor\/mentions-legales\/\",\"url\":\"https:\/\/dev.sautter-pomor.fr\/sautter-pomor\/mentions-legales\/\",\"name\":\"mentions-legales - Sautter-Pomor\",\"isPartOf\":{\"@id\":\"https:\/\/dev.sautter-pomor.fr\/sautter-pomor\/#website\"},\"datePublished\":\"2025-11-17T08:37:28+00:00\",\"dateModified\":\"2025-11-17T08:40:41+00:00\",\"breadcrumb\":{\"@id\":\"https:\/\/dev.sautter-pomor.fr\/sautter-pomor\/mentions-legales\/#breadcrumb\"},\"inLanguage\":\"fr-FR\",\"potentialAction\":[{\"@type\":\"ReadAction\",\"target\":[\"https:\/\/dev.sautter-pomor.fr\/sautter-pomor\/mentions-legales\/\"]}]},{\"@type\":\"BreadcrumbList\",\"@id\":\"https:\/\/dev.sautter-pomor.fr\/sautter-pomor\/mentions-legales\/#breadcrumb\",\"itemListElement\":[{\"@type\":\"ListItem\",\"position\":1,\"name\":\"Accueil\",\"item\":\"https:\/\/dev.sautter-pomor.fr\/sautter-pomor\/\"},{\"@type\":\"ListItem\",\"position\":2,\"name\":\"mentions-legales\"}]},{\"@type\":\"WebSite\",\"@id\":\"https:\/\/dev.sautter-pomor.fr\/sautter-pomor\/#website\",\"url\":\"https:\/\/dev.sautter-pomor.fr\/sautter-pomor\/\",\"name\":\"Sautter-Pomor\",\"description\":\"Jus de fruits, jus de l\u00e9gumes et cidres en Alsace depuis plus de 125 ans\",\"publisher\":{\"@id\":\"https:\/\/dev.sautter-pomor.fr\/sautter-pomor\/#organization\"},\"potentialAction\":[{\"@type\":\"SearchAction\",\"target\":{\"@type\":\"EntryPoint\",\"urlTemplate\":\"https:\/\/dev.sautter-pomor.fr\/sautter-pomor\/?s={search_term_string}\"},\"query-input\":{\"@type\":\"PropertyValueSpecification\",\"valueRequired\":true,\"valueName\":\"search_term_string\"}}],\"inLanguage\":\"fr-FR\"},{\"@type\":\"Organization\",\"@id\":\"https:\/\/dev.sautter-pomor.fr\/sautter-pomor\/#organization\",\"name\":\"Sautter Pomor\",\"url\":\"https:\/\/dev.sautter-pomor.fr\/sautter-pomor\/\",\"logo\":{\"@type\":\"ImageObject\",\"inLanguage\":\"fr-FR\",\"@id\":\"https:\/\/dev.sautter-pomor.fr\/sautter-pomor\/#\/schema\/logo\/image\/\",\"url\":\"https:\/\/dev.sautter-pomor.fr\/sautter-pomor\/wp-content\/uploads\/2026\/02\/cropped-logo_site_hd.png\",\"contentUrl\":\"https:\/\/dev.sautter-pomor.fr\/sautter-pomor\/wp-content\/uploads\/2026\/02\/cropped-logo_site_hd.png\",\"width\":240,\"height\":127,\"caption\":\"Sautter Pomor\"},\"image\":{\"@id\":\"https:\/\/dev.sautter-pomor.fr\/sautter-pomor\/#\/schema\/logo\/image\/\"},\"sameAs\":[\"https:\/\/www.facebook.com\/profile.php?id=100061598934867\"]}]}<\/script>\n<!-- \/ Yoast SEO plugin. -->","yoast_head_json":{"title":"mentions-legales - Sautter-Pomor","robots":{"index":"noindex","follow":"follow","max-snippet":"max-snippet:-1","max-image-preview":"max-image-preview:large","max-video-preview":"max-video-preview:-1"},"og_locale":"fr_FR","og_type":"article","og_title":"mentions-legales - Sautter-Pomor","og_description":"H\u00e9bergement : CoraxysAdresse: Espace Europ\u00e9en de l\u2019Entreprise, 11 rue de la Haye, 67300 SCHILTIGHEIMSite Web : https:\/\/coraxis.fr\/ Conception Conception et design : Magali Nest Design Graphiquewww.mngrafik.fr Direction artistique:Attitude.com Ce Site est destin\u00e9 \u00e0 l\u2019information personnelle des internautes qui l\u2019utilisent. La connexion et l\u2019acc\u00e8s \u00e0 ce Site impliquent l\u2019acceptation int\u00e9grale et sans r\u00e9serve de l\u2019internaute de [&hellip;]","og_url":"https:\/\/dev.sautter-pomor.fr\/sautter-pomor\/mentions-legales\/","og_site_name":"Sautter-Pomor","article_publisher":"https:\/\/www.facebook.com\/profile.php?id=100061598934867","article_modified_time":"2025-11-17T08:40:41+00:00","twitter_card":"summary_large_image","twitter_misc":{"Dur\u00e9e de lecture estim\u00e9e":"7 minutes"},"schema":{"@context":"https:\/\/schema.org","@graph":[{"@type":"WebPage","@id":"https:\/\/dev.sautter-pomor.fr\/sautter-pomor\/mentions-legales\/","url":"https:\/\/dev.sautter-pomor.fr\/sautter-pomor\/mentions-legales\/","name":"mentions-legales - Sautter-Pomor","isPartOf":{"@id":"https:\/\/dev.sautter-pomor.fr\/sautter-pomor\/#website"},"datePublished":"2025-11-17T08:37:28+00:00","dateModified":"2025-11-17T08:40:41+00:00","breadcrumb":{"@id":"https:\/\/dev.sautter-pomor.fr\/sautter-pomor\/mentions-legales\/#breadcrumb"},"inLanguage":"fr-FR","potentialAction":[{"@type":"ReadAction","target":["https:\/\/dev.sautter-pomor.fr\/sautter-pomor\/mentions-legales\/"]}]},{"@type":"BreadcrumbList","@id":"https:\/\/dev.sautter-pomor.fr\/sautter-pomor\/mentions-legales\/#breadcrumb","itemListElement":[{"@type":"ListItem","position":1,"name":"Accueil","item":"https:\/\/dev.sautter-pomor.fr\/sautter-pomor\/"},{"@type":"ListItem","position":2,"name":"mentions-legales"}]},{"@type":"WebSite","@id":"https:\/\/dev.sautter-pomor.fr\/sautter-pomor\/#website","url":"https:\/\/dev.sautter-pomor.fr\/sautter-pomor\/","name":"Sautter-Pomor","description":"Jus de fruits, jus de l\u00e9gumes et cidres en Alsace depuis plus de 125 ans","publisher":{"@id":"https:\/\/dev.sautter-pomor.fr\/sautter-pomor\/#organization"},"potentialAction":[{"@type":"SearchAction","target":{"@type":"EntryPoint","urlTemplate":"https:\/\/dev.sautter-pomor.fr\/sautter-pomor\/?s={search_term_string}"},"query-input":{"@type":"PropertyValueSpecification","valueRequired":true,"valueName":"search_term_string"}}],"inLanguage":"fr-FR"},{"@type":"Organization","@id":"https:\/\/dev.sautter-pomor.fr\/sautter-pomor\/#organization","name":"Sautter Pomor","url":"https:\/\/dev.sautter-pomor.fr\/sautter-pomor\/","logo":{"@type":"ImageObject","inLanguage":"fr-FR","@id":"https:\/\/dev.sautter-pomor.fr\/sautter-pomor\/#\/schema\/logo\/image\/","url":"https:\/\/dev.sautter-pomor.fr\/sautter-pomor\/wp-content\/uploads\/2026\/02\/cropped-logo_site_hd.png","contentUrl":"https:\/\/dev.sautter-pomor.fr\/sautter-pomor\/wp-content\/uploads\/2026\/02\/cropped-logo_site_hd.png","width":240,"height":127,"caption":"Sautter Pomor"},"image":{"@id":"https:\/\/dev.sautter-pomor.fr\/sautter-pomor\/#\/schema\/logo\/image\/"},"sameAs":["https:\/\/www.facebook.com\/profile.php?id=100061598934867"]}]}},"_links":{"self":[{"href":"https:\/\/dev.sautter-pomor.fr\/sautter-pomor\/wp-json\/wp\/v2\/pages\/20","targetHints":{"allow":["GET"]}}],"collection":[{"href":"https:\/\/dev.sautter-pomor.fr\/sautter-pomor\/wp-json\/wp\/v2\/pages"}],"about":[{"href":"https:\/\/dev.sautter-pomor.fr\/sautter-pomor\/wp-json\/wp\/v2\/types\/page"}],"author":[{"embeddable":true,"href":"https:\/\/dev.sautter-pomor.fr\/sautter-pomor\/wp-json\/wp\/v2\/users\/1"}],"replies":[{"embeddable":true,"href":"https:\/\/dev.sautter-pomor.fr\/sautter-pomor\/wp-json\/wp\/v2\/comments?post=20"}],"version-history":[{"count":4,"href":"https:\/\/dev.sautter-pomor.fr\/sautter-pomor\/wp-json\/wp\/v2\/pages\/20\/revisions"}],"predecessor-version":[{"id":24,"href":"https:\/\/dev.sautter-pomor.fr\/sautter-pomor\/wp-json\/wp\/v2\/pages\/20\/revisions\/24"}],"wp:attachment":[{"href":"https:\/\/dev.sautter-pomor.fr\/sautter-pomor\/wp-json\/wp\/v2\/media?parent=20"}],"curies":[{"name":"wp","href":"https:\/\/api.w.org\/{rel}","templated":true}]}}