{"id":356,"date":"2026-03-02T11:26:36","date_gmt":"2026-03-02T10:26:36","guid":{"rendered":"https:\/\/dev.sautter-pomor.fr\/sautter-pomor\/?page_id=356"},"modified":"2026-04-09T15:13:19","modified_gmt":"2026-04-09T13:13:19","slug":"nous-connaitre","status":"publish","type":"page","link":"https:\/\/dev.sautter-pomor.fr\/sautter-pomor\/nous-connaitre\/","title":{"rendered":"Qui sommes-nous ?"},"content":{"rendered":"\n<div style=\"height:100px\" aria-hidden=\"true\" class=\"wp-block-spacer\"><\/div>\n\n\n\n<div class=\"wp-block-columns small-width is-layout-flex wp-container-core-columns-is-layout-9d6595d7 wp-block-columns-is-layout-flex\">\n<div class=\"wp-block-column is-layout-flow wp-block-column-is-layout-flow\" style=\"flex-basis:66.66%\">\n<h2 class=\"wp-block-heading\"><strong>Sautter, producteur alsacien de jus de&nbsp;pomme,&nbsp;cidre artisanal &amp; jus de fruits<\/strong>&nbsp;<\/h2>\n\n\n\n<p>De la pomme \u00e0 la bouteille, du fruit au jus de fruits\u2026&nbsp;Sautter&nbsp;voit le jour en 1888.&nbsp;Entreprise familiale et cidrerie artisanale,&nbsp;nous \u00e9crivons&nbsp;son histoire au pr\u00e9sent.&nbsp;&nbsp;<\/p>\n\n\n\n<p>Nathalie&nbsp;Sautter-Schutz et&nbsp;Jean-Baptiste&nbsp;Schutz, 5\u1d49\u202fg\u00e9n\u00e9ration, en assurent aujourd\u2019hui la gestion et le d\u00e9veloppement responsables.&nbsp;<\/p>\n<\/div>\n\n\n\n<div class=\"wp-block-column is-layout-flow wp-block-column-is-layout-flow\" style=\"flex-basis:33.33%\">\n<figure class=\"wp-block-image size-full illustration2\"><img loading=\"lazy\" decoding=\"async\" width=\"600\" height=\"419\" src=\"https:\/\/dev.sautter-pomor.fr\/sautter-pomor\/wp-content\/uploads\/2026\/04\/sautter-pomor.jpg\" alt=\"\" class=\"wp-image-809\" srcset=\"https:\/\/dev.sautter-pomor.fr\/sautter-pomor\/wp-content\/uploads\/2026\/04\/sautter-pomor.jpg 600w, https:\/\/dev.sautter-pomor.fr\/sautter-pomor\/wp-content\/uploads\/2026\/04\/sautter-pomor-300x210.jpg 300w\" sizes=\"auto, (max-width: 600px) 100vw, 600px\" \/><\/figure>\n<\/div>\n<\/div>\n\n\n\n<hr class=\"wp-block-separator has-alpha-channel-opacity\"\/>\n\n\n\n<div class=\"wp-block-columns small-width bg-blanc is-layout-flex wp-container-core-columns-is-layout-9d6595d7 wp-block-columns-is-layout-flex\">\n<div class=\"wp-block-column position-absolute is-layout-flow wp-block-column-is-layout-flow\" style=\"flex-basis:33.33%\">\n<figure class=\"wp-block-image size-full\"><img loading=\"lazy\" decoding=\"async\" width=\"575\" height=\"834\" src=\"https:\/\/dev.sautter-pomor.fr\/sautter-pomor\/wp-content\/uploads\/2026\/04\/sautter-pomor-pomme.jpg\" alt=\"\" class=\"wp-image-811\" srcset=\"https:\/\/dev.sautter-pomor.fr\/sautter-pomor\/wp-content\/uploads\/2026\/04\/sautter-pomor-pomme.jpg 575w, https:\/\/dev.sautter-pomor.fr\/sautter-pomor\/wp-content\/uploads\/2026\/04\/sautter-pomor-pomme-207x300.jpg 207w\" sizes=\"auto, (max-width: 575px) 100vw, 575px\" \/><\/figure>\n<\/div>\n\n\n\n<div class=\"wp-block-column is-layout-flow wp-block-column-is-layout-flow\" style=\"flex-basis:66.66%\">\n<h2 class=\"wp-block-heading\"><strong>Au commencement \u00e9taient la pomme, le cidre, le jus de pomme\u2026<\/strong>&nbsp;<\/h2>\n\n\n\n<p>La&nbsp;Cidrerie&nbsp;\u00c9tablissements&nbsp;Sautter, dont l\u2019activit\u00e9 \u00e9tait la fabrication et la commercialisation de diff\u00e9rentes vari\u00e9t\u00e9s de cidres, existe depuis 137\u202fans.&nbsp;\u00c0&nbsp;la faveur du d\u00e9veloppement des boissons non alcoolis\u00e9es, elle \u00e9tend, sous le nom&nbsp;Pom\u2019or, son savoir-faire en mati\u00e8re de jus de pomme, jus de fruits (cassis, groseilles, framboises\u2026), jus de fruits exotiques et l\u00e9gumes.&nbsp;<\/p>\n\n\n\n<p>Les \u00e9tablissements&nbsp;Sautter&nbsp;Pom\u2019or&nbsp;se d\u00e9veloppent.&nbsp;Le&nbsp;si\u00e8ge de l\u2019entreprise accueille naturellement une cha\u00eene de soutirage, une station d\u2019\u00e9puration, un magasin de vente directe, avant d\u2019augmenter sa capacit\u00e9 de stockage et de moderniser ses outils de production.&nbsp;<\/p>\n<\/div>\n<\/div>\n\n\n\n<hr class=\"wp-block-separator has-alpha-channel-opacity\"\/>\n\n\n\n<div class=\"wp-block-columns small-width is-layout-flex wp-container-core-columns-is-layout-9d6595d7 wp-block-columns-is-layout-flex\">\n<div class=\"wp-block-column is-layout-flow wp-block-column-is-layout-flow\" style=\"flex-basis:66.66%\">\n<h2 class=\"wp-block-heading\"><strong>Les nuances de cidres,&nbsp;de&nbsp;jus de fruits, purs&nbsp;jus&nbsp;locaux&nbsp;et jus bio<\/strong>&nbsp;<\/h2>\n\n\n\n<p>D\u2019une g\u00e9n\u00e9ration \u00e0 l\u2019autre, l\u2019entreprise s\u2019enracine et propose pr\u00e8s d\u2019une&nbsp;cinquantaine&nbsp;de vari\u00e9t\u00e9s diff\u00e9rentes de jus de fruits, jus de l\u00e9gumes et cidres&nbsp;doux, bruts, mousseux&nbsp;conditionn\u00e9s en bouteilles en verre recyclables.&nbsp;<\/p>\n\n\n\n<p>Sautter&nbsp;sait ce qu\u2019elle doit \u00e0 la nature et entend limiter son impact gr\u00e2ce \u00e0 des pratiques responsables.&nbsp;Sa gamme bio&nbsp;est ainsi&nbsp;labellis\u00e9e&nbsp;Ecocert&nbsp;depuis plus de 20\u202fans.<\/p>\n<\/div>\n\n\n\n<div class=\"wp-block-column is-layout-flow wp-block-column-is-layout-flow\" style=\"flex-basis:33.33%\">\n<figure class=\"wp-block-image size-full illustration1\"><img loading=\"lazy\" decoding=\"async\" width=\"500\" height=\"332\" src=\"https:\/\/dev.sautter-pomor.fr\/sautter-pomor\/wp-content\/uploads\/2026\/04\/Embouteillage_03.webp\" alt=\"\" class=\"wp-image-813\" srcset=\"https:\/\/dev.sautter-pomor.fr\/sautter-pomor\/wp-content\/uploads\/2026\/04\/Embouteillage_03.webp 500w, https:\/\/dev.sautter-pomor.fr\/sautter-pomor\/wp-content\/uploads\/2026\/04\/Embouteillage_03-300x199.webp 300w\" sizes=\"auto, (max-width: 500px) 100vw, 500px\" \/><\/figure>\n<\/div>\n<\/div>\n\n\n\n<hr class=\"wp-block-separator has-alpha-channel-opacity\"\/>\n\n\n\n<div class=\"wp-block-columns container-histoire is-layout-flex wp-container-core-columns-is-layout-9d6595d7 wp-block-columns-is-layout-flex\">\n<div class=\"wp-block-column is-layout-flow wp-block-column-is-layout-flow\">\n<div class=\"wp-block-columns are-vertically-aligned-center bloc-mea hist small-width is-layout-flex wp-container-core-columns-is-layout-9d6595d7 wp-block-columns-is-layout-flex\">\n<div class=\"wp-block-column is-vertically-aligned-center is-layout-flow wp-block-column-is-layout-flow\"><div class=\"wp-block-image\">\n<figure class=\"alignright size-full\"><img loading=\"lazy\" decoding=\"async\" width=\"400\" height=\"267\" src=\"https:\/\/dev.sautter-pomor.fr\/sautter-pomor\/wp-content\/uploads\/2026\/03\/pommes.webp\" alt=\"\" class=\"wp-image-388\" style=\"object-fit:cover\" srcset=\"https:\/\/dev.sautter-pomor.fr\/sautter-pomor\/wp-content\/uploads\/2026\/03\/pommes.webp 400w, https:\/\/dev.sautter-pomor.fr\/sautter-pomor\/wp-content\/uploads\/2026\/03\/pommes-300x200.webp 300w\" sizes=\"auto, (max-width: 400px) 100vw, 400px\" \/><\/figure>\n<\/div><\/div>\n\n\n\n<div class=\"wp-block-column is-vertically-aligned-center is-layout-flow wp-block-column-is-layout-flow\">\n<h2 class=\"wp-block-heading\"><strong>Jusqu\u2019\u00e0&nbsp;2<\/strong><strong>\u2009<\/strong><strong>500\u202ftonnes de pommes<\/strong>&nbsp;<\/h2>\n\n\n\n<p>Jusqu\u2019\u00e0&nbsp;2 500\u202ftonnes de pommes,&nbsp;chaque ann\u00e9e, issues essentiellement des vergers alsaciens, sont transform\u00e9es ici en plusieurs gammes de jus, cidres et boissons \u00e0 base de pomme.&nbsp;&nbsp;<\/p>\n\n\n\n<p>D\u2019autres&nbsp;purs&nbsp;jus et nectars, une gamme de jus issus de l\u2019Agriculture&nbsp;Biologique compos\u00e9e de 10 r\u00e9f\u00e9rences (jus de pomme bio, jus d\u2019orange bio, jus de tomate bio, cidre d\u2019Alsace bio\u2026) et des cr\u00e9ations,&nbsp;comme les gammes&nbsp;So\u2019Th\u00e9&nbsp;et&nbsp;Apfel ancrent la marque alsacienne dans la modernit\u00e9&nbsp;au c\u0153ur d\u2019un \u00e9cosyst\u00e8me responsable.&nbsp;&nbsp;<\/p>\n\n\n\n<p>&nbsp;<br>Sautter s\u2019appuie sur un&nbsp;sourcing&nbsp;engag\u00e9\u202f: arboriculteurs amateurs et professionnels, producteurs renomm\u00e9s qui partagent une m\u00eame culture des jus de fruits.&nbsp;<br>&nbsp;<\/p>\n\n\n\n<p>De leurs vergers&nbsp;\u00e0 nos bouteilles du quotidien et des lieux de diffusion, les fruits sont sublim\u00e9s, authentiques.&nbsp;Boire bon, boire local, savourer l\u2019Alsace, le d\u00e9fi&nbsp;Sautter&nbsp;est relev\u00e9.&nbsp;Nous nous y engageons.&nbsp;&nbsp;<\/p>\n\n\n\n<p><\/p>\n<\/div>\n<\/div>\n<\/div>\n<\/div>\n","protected":false},"excerpt":{"rendered":"<p>Sautter, producteur alsacien de jus de&nbsp;pomme,&nbsp;cidre artisanal &amp; jus de fruits&nbsp; De la pomme \u00e0 la bouteille, du fruit au jus de fruits\u2026&nbsp;Sautter&nbsp;voit le jour en 1888.&nbsp;Entreprise familiale et cidrerie artisanale,&nbsp;nous \u00e9crivons&nbsp;son histoire au pr\u00e9sent.&nbsp;&nbsp; Nathalie&nbsp;Sautter-Schutz et&nbsp;Jean-Baptiste&nbsp;Schutz, 5\u1d49\u202fg\u00e9n\u00e9ration, en assurent aujourd\u2019hui la gestion et le d\u00e9veloppement responsables.&nbsp; Au commencement \u00e9taient la pomme, le cidre, le [&hellip;]<\/p>\n","protected":false},"author":1,"featured_media":0,"parent":0,"menu_order":0,"comment_status":"closed","ping_status":"closed","template":"","meta":{"footnotes":""},"class_list":["post-356","page","type-page","status-publish","hentry"],"yoast_head":"<!-- This site is optimized with the Yoast SEO plugin v27.2 - https:\/\/yoast.com\/product\/yoast-seo-wordpress\/ -->\n<title>Qui sommes-nous ? - Sautter-Pomor<\/title>\n<meta name=\"robots\" content=\"noindex, follow, max-snippet:-1, max-image-preview:large, max-video-preview:-1\" \/>\n<meta property=\"og:locale\" content=\"fr_FR\" \/>\n<meta property=\"og:type\" content=\"article\" \/>\n<meta property=\"og:title\" content=\"Qui sommes-nous ? - Sautter-Pomor\" \/>\n<meta property=\"og:description\" content=\"Sautter, producteur alsacien de jus de&nbsp;pomme,&nbsp;cidre artisanal &amp; jus de fruits&nbsp; De la pomme \u00e0 la bouteille, du fruit au jus de fruits\u2026&nbsp;Sautter&nbsp;voit le jour en 1888.&nbsp;Entreprise familiale et cidrerie artisanale,&nbsp;nous \u00e9crivons&nbsp;son histoire au pr\u00e9sent.&nbsp;&nbsp; Nathalie&nbsp;Sautter-Schutz et&nbsp;Jean-Baptiste&nbsp;Schutz, 5\u1d49\u202fg\u00e9n\u00e9ration, en assurent aujourd\u2019hui la gestion et le d\u00e9veloppement responsables.&nbsp; Au commencement \u00e9taient la pomme, le cidre, le [&hellip;]\" \/>\n<meta property=\"og:url\" content=\"https:\/\/dev.sautter-pomor.fr\/sautter-pomor\/nous-connaitre\/\" \/>\n<meta property=\"og:site_name\" content=\"Sautter-Pomor\" \/>\n<meta property=\"article:publisher\" content=\"https:\/\/www.facebook.com\/profile.php?id=100061598934867\" \/>\n<meta property=\"article:modified_time\" content=\"2026-04-09T13:13:19+00:00\" \/>\n<meta property=\"og:image\" content=\"https:\/\/dev.sautter-pomor.fr\/sautter-pomor\/wp-content\/uploads\/2026\/04\/sautter-pomor.jpg\" \/>\n\t<meta property=\"og:image:width\" content=\"600\" \/>\n\t<meta property=\"og:image:height\" content=\"419\" \/>\n\t<meta property=\"og:image:type\" content=\"image\/jpeg\" \/>\n<meta name=\"twitter:card\" content=\"summary_large_image\" \/>\n<meta name=\"twitter:label1\" content=\"Dur\u00e9e de lecture estim\u00e9e\" \/>\n\t<meta name=\"twitter:data1\" content=\"3 minutes\" \/>\n<script type=\"application\/ld+json\" class=\"yoast-schema-graph\">{\"@context\":\"https:\/\/schema.org\",\"@graph\":[{\"@type\":\"WebPage\",\"@id\":\"https:\/\/dev.sautter-pomor.fr\/sautter-pomor\/nous-connaitre\/\",\"url\":\"https:\/\/dev.sautter-pomor.fr\/sautter-pomor\/nous-connaitre\/\",\"name\":\"Qui sommes-nous ? - Sautter-Pomor\",\"isPartOf\":{\"@id\":\"https:\/\/dev.sautter-pomor.fr\/sautter-pomor\/#website\"},\"primaryImageOfPage\":{\"@id\":\"https:\/\/dev.sautter-pomor.fr\/sautter-pomor\/nous-connaitre\/#primaryimage\"},\"image\":{\"@id\":\"https:\/\/dev.sautter-pomor.fr\/sautter-pomor\/nous-connaitre\/#primaryimage\"},\"thumbnailUrl\":\"https:\/\/dev.sautter-pomor.fr\/sautter-pomor\/wp-content\/uploads\/2026\/04\/sautter-pomor.jpg\",\"datePublished\":\"2026-03-02T10:26:36+00:00\",\"dateModified\":\"2026-04-09T13:13:19+00:00\",\"breadcrumb\":{\"@id\":\"https:\/\/dev.sautter-pomor.fr\/sautter-pomor\/nous-connaitre\/#breadcrumb\"},\"inLanguage\":\"fr-FR\",\"potentialAction\":[{\"@type\":\"ReadAction\",\"target\":[\"https:\/\/dev.sautter-pomor.fr\/sautter-pomor\/nous-connaitre\/\"]}]},{\"@type\":\"ImageObject\",\"inLanguage\":\"fr-FR\",\"@id\":\"https:\/\/dev.sautter-pomor.fr\/sautter-pomor\/nous-connaitre\/#primaryimage\",\"url\":\"https:\/\/dev.sautter-pomor.fr\/sautter-pomor\/wp-content\/uploads\/2026\/04\/sautter-pomor.jpg\",\"contentUrl\":\"https:\/\/dev.sautter-pomor.fr\/sautter-pomor\/wp-content\/uploads\/2026\/04\/sautter-pomor.jpg\",\"width\":600,\"height\":419},{\"@type\":\"BreadcrumbList\",\"@id\":\"https:\/\/dev.sautter-pomor.fr\/sautter-pomor\/nous-connaitre\/#breadcrumb\",\"itemListElement\":[{\"@type\":\"ListItem\",\"position\":1,\"name\":\"Accueil\",\"item\":\"https:\/\/dev.sautter-pomor.fr\/sautter-pomor\/\"},{\"@type\":\"ListItem\",\"position\":2,\"name\":\"Qui sommes-nous ?\"}]},{\"@type\":\"WebSite\",\"@id\":\"https:\/\/dev.sautter-pomor.fr\/sautter-pomor\/#website\",\"url\":\"https:\/\/dev.sautter-pomor.fr\/sautter-pomor\/\",\"name\":\"Sautter-Pomor\",\"description\":\"Jus de fruits, jus de l\u00e9gumes et cidres en Alsace depuis plus de 125 ans\",\"publisher\":{\"@id\":\"https:\/\/dev.sautter-pomor.fr\/sautter-pomor\/#organization\"},\"potentialAction\":[{\"@type\":\"SearchAction\",\"target\":{\"@type\":\"EntryPoint\",\"urlTemplate\":\"https:\/\/dev.sautter-pomor.fr\/sautter-pomor\/?s={search_term_string}\"},\"query-input\":{\"@type\":\"PropertyValueSpecification\",\"valueRequired\":true,\"valueName\":\"search_term_string\"}}],\"inLanguage\":\"fr-FR\"},{\"@type\":\"Organization\",\"@id\":\"https:\/\/dev.sautter-pomor.fr\/sautter-pomor\/#organization\",\"name\":\"Sautter Pomor\",\"url\":\"https:\/\/dev.sautter-pomor.fr\/sautter-pomor\/\",\"logo\":{\"@type\":\"ImageObject\",\"inLanguage\":\"fr-FR\",\"@id\":\"https:\/\/dev.sautter-pomor.fr\/sautter-pomor\/#\/schema\/logo\/image\/\",\"url\":\"https:\/\/dev.sautter-pomor.fr\/sautter-pomor\/wp-content\/uploads\/2026\/02\/cropped-logo_site_hd.png\",\"contentUrl\":\"https:\/\/dev.sautter-pomor.fr\/sautter-pomor\/wp-content\/uploads\/2026\/02\/cropped-logo_site_hd.png\",\"width\":240,\"height\":127,\"caption\":\"Sautter Pomor\"},\"image\":{\"@id\":\"https:\/\/dev.sautter-pomor.fr\/sautter-pomor\/#\/schema\/logo\/image\/\"},\"sameAs\":[\"https:\/\/www.facebook.com\/profile.php?id=100061598934867\"]}]}<\/script>\n<!-- \/ Yoast SEO plugin. -->","yoast_head_json":{"title":"Qui sommes-nous ? - Sautter-Pomor","robots":{"index":"noindex","follow":"follow","max-snippet":"max-snippet:-1","max-image-preview":"max-image-preview:large","max-video-preview":"max-video-preview:-1"},"og_locale":"fr_FR","og_type":"article","og_title":"Qui sommes-nous ? - Sautter-Pomor","og_description":"Sautter, producteur alsacien de jus de&nbsp;pomme,&nbsp;cidre artisanal &amp; jus de fruits&nbsp; De la pomme \u00e0 la bouteille, du fruit au jus de fruits\u2026&nbsp;Sautter&nbsp;voit le jour en 1888.&nbsp;Entreprise familiale et cidrerie artisanale,&nbsp;nous \u00e9crivons&nbsp;son histoire au pr\u00e9sent.&nbsp;&nbsp; Nathalie&nbsp;Sautter-Schutz et&nbsp;Jean-Baptiste&nbsp;Schutz, 5\u1d49\u202fg\u00e9n\u00e9ration, en assurent aujourd\u2019hui la gestion et le d\u00e9veloppement responsables.&nbsp; Au commencement \u00e9taient la pomme, le cidre, le [&hellip;]","og_url":"https:\/\/dev.sautter-pomor.fr\/sautter-pomor\/nous-connaitre\/","og_site_name":"Sautter-Pomor","article_publisher":"https:\/\/www.facebook.com\/profile.php?id=100061598934867","article_modified_time":"2026-04-09T13:13:19+00:00","og_image":[{"width":600,"height":419,"url":"https:\/\/dev.sautter-pomor.fr\/sautter-pomor\/wp-content\/uploads\/2026\/04\/sautter-pomor.jpg","type":"image\/jpeg"}],"twitter_card":"summary_large_image","twitter_misc":{"Dur\u00e9e de lecture estim\u00e9e":"3 minutes"},"schema":{"@context":"https:\/\/schema.org","@graph":[{"@type":"WebPage","@id":"https:\/\/dev.sautter-pomor.fr\/sautter-pomor\/nous-connaitre\/","url":"https:\/\/dev.sautter-pomor.fr\/sautter-pomor\/nous-connaitre\/","name":"Qui sommes-nous ? - Sautter-Pomor","isPartOf":{"@id":"https:\/\/dev.sautter-pomor.fr\/sautter-pomor\/#website"},"primaryImageOfPage":{"@id":"https:\/\/dev.sautter-pomor.fr\/sautter-pomor\/nous-connaitre\/#primaryimage"},"image":{"@id":"https:\/\/dev.sautter-pomor.fr\/sautter-pomor\/nous-connaitre\/#primaryimage"},"thumbnailUrl":"https:\/\/dev.sautter-pomor.fr\/sautter-pomor\/wp-content\/uploads\/2026\/04\/sautter-pomor.jpg","datePublished":"2026-03-02T10:26:36+00:00","dateModified":"2026-04-09T13:13:19+00:00","breadcrumb":{"@id":"https:\/\/dev.sautter-pomor.fr\/sautter-pomor\/nous-connaitre\/#breadcrumb"},"inLanguage":"fr-FR","potentialAction":[{"@type":"ReadAction","target":["https:\/\/dev.sautter-pomor.fr\/sautter-pomor\/nous-connaitre\/"]}]},{"@type":"ImageObject","inLanguage":"fr-FR","@id":"https:\/\/dev.sautter-pomor.fr\/sautter-pomor\/nous-connaitre\/#primaryimage","url":"https:\/\/dev.sautter-pomor.fr\/sautter-pomor\/wp-content\/uploads\/2026\/04\/sautter-pomor.jpg","contentUrl":"https:\/\/dev.sautter-pomor.fr\/sautter-pomor\/wp-content\/uploads\/2026\/04\/sautter-pomor.jpg","width":600,"height":419},{"@type":"BreadcrumbList","@id":"https:\/\/dev.sautter-pomor.fr\/sautter-pomor\/nous-connaitre\/#breadcrumb","itemListElement":[{"@type":"ListItem","position":1,"name":"Accueil","item":"https:\/\/dev.sautter-pomor.fr\/sautter-pomor\/"},{"@type":"ListItem","position":2,"name":"Qui sommes-nous ?"}]},{"@type":"WebSite","@id":"https:\/\/dev.sautter-pomor.fr\/sautter-pomor\/#website","url":"https:\/\/dev.sautter-pomor.fr\/sautter-pomor\/","name":"Sautter-Pomor","description":"Jus de fruits, jus de l\u00e9gumes et cidres en Alsace depuis plus de 125 ans","publisher":{"@id":"https:\/\/dev.sautter-pomor.fr\/sautter-pomor\/#organization"},"potentialAction":[{"@type":"SearchAction","target":{"@type":"EntryPoint","urlTemplate":"https:\/\/dev.sautter-pomor.fr\/sautter-pomor\/?s={search_term_string}"},"query-input":{"@type":"PropertyValueSpecification","valueRequired":true,"valueName":"search_term_string"}}],"inLanguage":"fr-FR"},{"@type":"Organization","@id":"https:\/\/dev.sautter-pomor.fr\/sautter-pomor\/#organization","name":"Sautter Pomor","url":"https:\/\/dev.sautter-pomor.fr\/sautter-pomor\/","logo":{"@type":"ImageObject","inLanguage":"fr-FR","@id":"https:\/\/dev.sautter-pomor.fr\/sautter-pomor\/#\/schema\/logo\/image\/","url":"https:\/\/dev.sautter-pomor.fr\/sautter-pomor\/wp-content\/uploads\/2026\/02\/cropped-logo_site_hd.png","contentUrl":"https:\/\/dev.sautter-pomor.fr\/sautter-pomor\/wp-content\/uploads\/2026\/02\/cropped-logo_site_hd.png","width":240,"height":127,"caption":"Sautter Pomor"},"image":{"@id":"https:\/\/dev.sautter-pomor.fr\/sautter-pomor\/#\/schema\/logo\/image\/"},"sameAs":["https:\/\/www.facebook.com\/profile.php?id=100061598934867"]}]}},"_links":{"self":[{"href":"https:\/\/dev.sautter-pomor.fr\/sautter-pomor\/wp-json\/wp\/v2\/pages\/356","targetHints":{"allow":["GET"]}}],"collection":[{"href":"https:\/\/dev.sautter-pomor.fr\/sautter-pomor\/wp-json\/wp\/v2\/pages"}],"about":[{"href":"https:\/\/dev.sautter-pomor.fr\/sautter-pomor\/wp-json\/wp\/v2\/types\/page"}],"author":[{"embeddable":true,"href":"https:\/\/dev.sautter-pomor.fr\/sautter-pomor\/wp-json\/wp\/v2\/users\/1"}],"replies":[{"embeddable":true,"href":"https:\/\/dev.sautter-pomor.fr\/sautter-pomor\/wp-json\/wp\/v2\/comments?post=356"}],"version-history":[{"count":40,"href":"https:\/\/dev.sautter-pomor.fr\/sautter-pomor\/wp-json\/wp\/v2\/pages\/356\/revisions"}],"predecessor-version":[{"id":814,"href":"https:\/\/dev.sautter-pomor.fr\/sautter-pomor\/wp-json\/wp\/v2\/pages\/356\/revisions\/814"}],"wp:attachment":[{"href":"https:\/\/dev.sautter-pomor.fr\/sautter-pomor\/wp-json\/wp\/v2\/media?parent=356"}],"curies":[{"name":"wp","href":"https:\/\/api.w.org\/{rel}","templated":true}]}}