{"id":423,"date":"2026-03-02T12:27:46","date_gmt":"2026-03-02T11:27:46","guid":{"rendered":"https:\/\/dev.sautter-pomor.fr\/sautter-pomor\/?page_id=423"},"modified":"2026-04-09T15:06:38","modified_gmt":"2026-04-09T13:06:38","slug":"des-etiquettes-personnalisees","status":"publish","type":"page","link":"https:\/\/dev.sautter-pomor.fr\/sautter-pomor\/des-etiquettes-personnalisees\/","title":{"rendered":"Des \u00e9tiquettes personnalis\u00e9es"},"content":{"rendered":"\n<div style=\"height:57px\" aria-hidden=\"true\" class=\"wp-block-spacer\"><\/div>\n\n\n\n<div class=\"wp-block-columns container-pro is-layout-flex wp-container-core-columns-is-layout-9d6595d7 wp-block-columns-is-layout-flex\" data-aos=\"slide-right\" data-aos-duration=\"750\">\n<div class=\"wp-block-column small-width is-layout-flow wp-block-column-is-layout-flow\">\n<div class=\"wp-block-columns bloc-mea pro is-layout-flex wp-container-core-columns-is-layout-9d6595d7 wp-block-columns-is-layout-flex\">\n<div class=\"wp-block-column is-vertically-aligned-center is-layout-flow wp-block-column-is-layout-flow\">\n<h2 class=\"wp-block-heading\"><strong>Cuv\u00e9es et \u00e9tiquettes personnalis\u00e9es pour vos jus de fruits et cidres<\/strong>\u00a0<\/h2>\n\n\n\n<p>Depuis l\u2019Alsace,\u00a0Sautter, cidrerie familiale fond\u00e9e, excelle dans la production de jus de fruits, de l\u00e9gumes et cidres, et les exporte localement comme au niveau national. Aujourd\u2019hui,\u00a0nous faisons\u00a0de la production de cuv\u00e9es et d\u2019\u00e9tiquettes personnalis\u00e9es\u00a0notre\u00a0marque de fabrique et vous proposons\u00a0de profiter de\u00a0notre\u00a0image de marque.\u00a0<\/p>\n<\/div>\n\n\n\n<div class=\"wp-block-column is-layout-flow wp-block-column-is-layout-flow\">\n<figure class=\"wp-block-image size-full is-resized\"><img loading=\"lazy\" decoding=\"async\" width=\"500\" height=\"889\" src=\"https:\/\/dev.sautter-pomor.fr\/sautter-pomor\/wp-content\/uploads\/2026\/04\/Bulles-Pommes-Groseilles-Framboises-75cl.png\" alt=\"\" class=\"wp-image-806\" style=\"aspect-ratio:0.5624365482233502;width:237px;height:auto\" srcset=\"https:\/\/dev.sautter-pomor.fr\/sautter-pomor\/wp-content\/uploads\/2026\/04\/Bulles-Pommes-Groseilles-Framboises-75cl.png 500w, https:\/\/dev.sautter-pomor.fr\/sautter-pomor\/wp-content\/uploads\/2026\/04\/Bulles-Pommes-Groseilles-Framboises-75cl-169x300.png 169w\" sizes=\"auto, (max-width: 500px) 100vw, 500px\" \/><\/figure>\n<\/div>\n<\/div>\n<\/div>\n<\/div>\n\n\n\n<hr class=\"wp-block-separator has-alpha-channel-opacity\"\/>\n\n\n\n<div class=\"wp-block-columns small-width is-layout-flex wp-container-core-columns-is-layout-9d6595d7 wp-block-columns-is-layout-flex\">\n<div class=\"wp-block-column is-layout-flow wp-block-column-is-layout-flow\">\n<h2 class=\"wp-block-heading\"><strong>Cuv\u00e9es et \u00e9tiquettes personnalis\u00e9es<\/strong>&nbsp;<\/h2>\n\n\n\n<p>Sautter\u00a0propose des cuv\u00e9es personnalis\u00e9es \u00e0 ses partenaires. Conditionn\u00e9es en bouteilles de 25\u202fcl, 75\u202fcl ou 1\u202fl, elles sont sublim\u00e9es par des \u00e9tiquettes personnalis\u00e9es int\u00e9grant logo, identit\u00e9 visuelle et mentions r\u00e9glementaires (Nutri-Score, composition). <\/p>\n\n\n\n<p><strong>La\u00a0rencontre donne vie \u00e0 des cuv\u00e9es permettant de valoriser une marque, un \u00e9v\u00e9nement, une cha\u00eene de restaurants, etc.\u00a0<\/strong><\/p>\n\n\n\n<p>Vendre ou diffuser des jus \u00e0 vos couleurs renforce votre image de marque, valorise l\u2019engagement pour le terroir local, sublime une carte des boissons avec une cuv\u00e9e \u00ab\u2009Maison\u2009\u00bb, permet \u00e0 des diffuseurs (\u00e9piceries bio, cavistes) de booster leur offre premium.&nbsp;<\/p>\n<\/div>\n<\/div>\n\n\n\n<hr class=\"wp-block-separator has-alpha-channel-opacity\"\/>\n\n\n\n<div class=\"wp-block-columns small-width bg-blanc is-layout-flex wp-container-core-columns-is-layout-9d6595d7 wp-block-columns-is-layout-flex\">\n<div class=\"wp-block-column is-layout-flow wp-block-column-is-layout-flow\" style=\"flex-basis:33.33%\">\n<figure class=\"wp-block-image size-full\"><img loading=\"lazy\" decoding=\"async\" width=\"500\" height=\"750\" src=\"https:\/\/dev.sautter-pomor.fr\/sautter-pomor\/wp-content\/uploads\/2026\/03\/side-view-pouring-pear-lemonade-into-glass-dark-background.jpg\" alt=\"\" class=\"wp-image-571\" srcset=\"https:\/\/dev.sautter-pomor.fr\/sautter-pomor\/wp-content\/uploads\/2026\/03\/side-view-pouring-pear-lemonade-into-glass-dark-background.jpg 500w, https:\/\/dev.sautter-pomor.fr\/sautter-pomor\/wp-content\/uploads\/2026\/03\/side-view-pouring-pear-lemonade-into-glass-dark-background-200x300.jpg 200w\" sizes=\"auto, (max-width: 500px) 100vw, 500px\" \/><\/figure>\n<\/div>\n\n\n\n<div class=\"wp-block-column is-layout-flow wp-block-column-is-layout-flow\" style=\"flex-basis:66.66%\">\n<h2 class=\"wp-block-heading\"><strong>Partager l\u2019excellence des jus de fruits naturels bio et des cidres<\/strong>\u00a0<\/h2>\n\n\n\n<p>Aujourd\u2019hui, l\u2019entreprise transforme&nbsp;2\u2009500\u202ftonnes de fruits locaux par an en&nbsp;et&nbsp;pr\u00e8s de 3,5\u202fmillions de bouteilles, gr\u00e2ce \u00e0 une \u00e9quipe de 18\u202fpersonnes engag\u00e9es et passionn\u00e9es.&nbsp;<\/p>\n\n\n\n<h2 class=\"wp-block-heading\"><strong>Qualit\u00e9 authentique et gamme vari\u00e9e de jus<\/strong>&nbsp;<\/h2>\n\n\n\n<p>Les jus\u00a0Sautter\u00a0sont purs, bio,\u00a0sans sucre\u00a0ajout\u00e9\u00a0(\u00e0 l\u2019exception des\u00a0nectars et\u00a0des\u00a0boissons),\u00a0riches\u00a0en vitamines. Diverses gammes r\u00e9pondent aux attentes modernes et responsables des nouveaux clients et des consommateurs engag\u00e9s.\u00a0Depuis 30\u202fans, une ligne bio certifi\u00e9e Ecocert utilise 100\u202f% de pommes alsaciennes. Press\u00e9s \u00e0 froid et conditionn\u00e9s en bouteilles de verre consign\u00e9es, ils pr\u00e9servent les ar\u00f4mes, les saveurs et l\u2019environnement.\u00a0\u00a0<\/p>\n\n\n\n<h2 class=\"wp-block-heading\"><strong>Au service d\u2019un engagement en faveur du d\u00e9veloppement durable<\/strong>&nbsp;<\/h2>\n\n\n\n<p>Outre son engagement pour le bio et pour l\u2019excellence, ses fruits bio et ses jus de pomme sourc\u00e9s tirent profit des apporteurs locaux et de leur conditionnement en bouteilles de verre consign\u00e9es. Cet engagement RSE attire une client\u00e8le&nbsp;\u00e9coconsciente&nbsp;et renforce la l\u00e9gitimit\u00e9 des professionnels.&nbsp;<\/p>\n\n\n\n<p>Sautter&nbsp;allie qualit\u00e9, personnalisation et durabilit\u00e9&nbsp;et partage sa philosophie avec des&nbsp;ambassadeurs&nbsp;responsables.&nbsp;La marque rel\u00e8ve ainsi vos d\u00e9fis pour un monde plus jus\u2009!&nbsp;&nbsp;<\/p>\n<\/div>\n<\/div>\n\n\n\n<p><\/p>\n\n\n\n<p><\/p>\n\n\n\n<p><\/p>\n","protected":false},"excerpt":{"rendered":"<p>Cuv\u00e9es et \u00e9tiquettes personnalis\u00e9es pour vos jus de fruits et cidres\u00a0 Depuis l\u2019Alsace,\u00a0Sautter, cidrerie familiale fond\u00e9e, excelle dans la production de jus de fruits, de l\u00e9gumes et cidres, et les exporte localement comme au niveau national. Aujourd\u2019hui,\u00a0nous faisons\u00a0de la production de cuv\u00e9es et d\u2019\u00e9tiquettes personnalis\u00e9es\u00a0notre\u00a0marque de fabrique et vous proposons\u00a0de profiter de\u00a0notre\u00a0image de marque.\u00a0 Cuv\u00e9es [&hellip;]<\/p>\n","protected":false},"author":1,"featured_media":0,"parent":0,"menu_order":0,"comment_status":"closed","ping_status":"closed","template":"","meta":{"footnotes":""},"class_list":["post-423","page","type-page","status-publish","hentry"],"yoast_head":"<!-- This site is optimized with the Yoast SEO plugin v27.2 - https:\/\/yoast.com\/product\/yoast-seo-wordpress\/ -->\n<title>Des \u00e9tiquettes personnalis\u00e9es - Sautter-Pomor<\/title>\n<meta name=\"robots\" content=\"noindex, follow, max-snippet:-1, max-image-preview:large, max-video-preview:-1\" \/>\n<meta property=\"og:locale\" content=\"fr_FR\" \/>\n<meta property=\"og:type\" content=\"article\" \/>\n<meta property=\"og:title\" content=\"Des \u00e9tiquettes personnalis\u00e9es - Sautter-Pomor\" \/>\n<meta property=\"og:description\" content=\"Cuv\u00e9es et \u00e9tiquettes personnalis\u00e9es pour vos jus de fruits et cidres\u00a0 Depuis l\u2019Alsace,\u00a0Sautter, cidrerie familiale fond\u00e9e, excelle dans la production de jus de fruits, de l\u00e9gumes et cidres, et les exporte localement comme au niveau national. Aujourd\u2019hui,\u00a0nous faisons\u00a0de la production de cuv\u00e9es et d\u2019\u00e9tiquettes personnalis\u00e9es\u00a0notre\u00a0marque de fabrique et vous proposons\u00a0de profiter de\u00a0notre\u00a0image de marque.\u00a0 Cuv\u00e9es [&hellip;]\" \/>\n<meta property=\"og:url\" content=\"https:\/\/dev.sautter-pomor.fr\/sautter-pomor\/des-etiquettes-personnalisees\/\" \/>\n<meta property=\"og:site_name\" content=\"Sautter-Pomor\" \/>\n<meta property=\"article:publisher\" content=\"https:\/\/www.facebook.com\/profile.php?id=100061598934867\" \/>\n<meta property=\"article:modified_time\" content=\"2026-04-09T13:06:38+00:00\" \/>\n<meta property=\"og:image\" content=\"https:\/\/dev.sautter-pomor.fr\/sautter-pomor\/wp-content\/uploads\/2026\/04\/Bulles-Pommes-Groseilles-Framboises-75cl.png\" \/>\n\t<meta property=\"og:image:width\" content=\"500\" \/>\n\t<meta property=\"og:image:height\" content=\"889\" \/>\n\t<meta property=\"og:image:type\" content=\"image\/png\" \/>\n<meta name=\"twitter:card\" content=\"summary_large_image\" \/>\n<meta name=\"twitter:label1\" content=\"Dur\u00e9e de lecture estim\u00e9e\" \/>\n\t<meta name=\"twitter:data1\" content=\"3 minutes\" \/>\n<script type=\"application\/ld+json\" class=\"yoast-schema-graph\">{\"@context\":\"https:\/\/schema.org\",\"@graph\":[{\"@type\":\"WebPage\",\"@id\":\"https:\/\/dev.sautter-pomor.fr\/sautter-pomor\/des-etiquettes-personnalisees\/\",\"url\":\"https:\/\/dev.sautter-pomor.fr\/sautter-pomor\/des-etiquettes-personnalisees\/\",\"name\":\"Des \u00e9tiquettes personnalis\u00e9es - Sautter-Pomor\",\"isPartOf\":{\"@id\":\"https:\/\/dev.sautter-pomor.fr\/sautter-pomor\/#website\"},\"primaryImageOfPage\":{\"@id\":\"https:\/\/dev.sautter-pomor.fr\/sautter-pomor\/des-etiquettes-personnalisees\/#primaryimage\"},\"image\":{\"@id\":\"https:\/\/dev.sautter-pomor.fr\/sautter-pomor\/des-etiquettes-personnalisees\/#primaryimage\"},\"thumbnailUrl\":\"https:\/\/dev.sautter-pomor.fr\/sautter-pomor\/wp-content\/uploads\/2026\/04\/Bulles-Pommes-Groseilles-Framboises-75cl.png\",\"datePublished\":\"2026-03-02T11:27:46+00:00\",\"dateModified\":\"2026-04-09T13:06:38+00:00\",\"breadcrumb\":{\"@id\":\"https:\/\/dev.sautter-pomor.fr\/sautter-pomor\/des-etiquettes-personnalisees\/#breadcrumb\"},\"inLanguage\":\"fr-FR\",\"potentialAction\":[{\"@type\":\"ReadAction\",\"target\":[\"https:\/\/dev.sautter-pomor.fr\/sautter-pomor\/des-etiquettes-personnalisees\/\"]}]},{\"@type\":\"ImageObject\",\"inLanguage\":\"fr-FR\",\"@id\":\"https:\/\/dev.sautter-pomor.fr\/sautter-pomor\/des-etiquettes-personnalisees\/#primaryimage\",\"url\":\"https:\/\/dev.sautter-pomor.fr\/sautter-pomor\/wp-content\/uploads\/2026\/04\/Bulles-Pommes-Groseilles-Framboises-75cl.png\",\"contentUrl\":\"https:\/\/dev.sautter-pomor.fr\/sautter-pomor\/wp-content\/uploads\/2026\/04\/Bulles-Pommes-Groseilles-Framboises-75cl.png\",\"width\":500,\"height\":889},{\"@type\":\"BreadcrumbList\",\"@id\":\"https:\/\/dev.sautter-pomor.fr\/sautter-pomor\/des-etiquettes-personnalisees\/#breadcrumb\",\"itemListElement\":[{\"@type\":\"ListItem\",\"position\":1,\"name\":\"Accueil\",\"item\":\"https:\/\/dev.sautter-pomor.fr\/sautter-pomor\/\"},{\"@type\":\"ListItem\",\"position\":2,\"name\":\"Des \u00e9tiquettes personnalis\u00e9es\"}]},{\"@type\":\"WebSite\",\"@id\":\"https:\/\/dev.sautter-pomor.fr\/sautter-pomor\/#website\",\"url\":\"https:\/\/dev.sautter-pomor.fr\/sautter-pomor\/\",\"name\":\"Sautter-Pomor\",\"description\":\"Jus de fruits, jus de l\u00e9gumes et cidres en Alsace depuis plus de 125 ans\",\"publisher\":{\"@id\":\"https:\/\/dev.sautter-pomor.fr\/sautter-pomor\/#organization\"},\"potentialAction\":[{\"@type\":\"SearchAction\",\"target\":{\"@type\":\"EntryPoint\",\"urlTemplate\":\"https:\/\/dev.sautter-pomor.fr\/sautter-pomor\/?s={search_term_string}\"},\"query-input\":{\"@type\":\"PropertyValueSpecification\",\"valueRequired\":true,\"valueName\":\"search_term_string\"}}],\"inLanguage\":\"fr-FR\"},{\"@type\":\"Organization\",\"@id\":\"https:\/\/dev.sautter-pomor.fr\/sautter-pomor\/#organization\",\"name\":\"Sautter Pomor\",\"url\":\"https:\/\/dev.sautter-pomor.fr\/sautter-pomor\/\",\"logo\":{\"@type\":\"ImageObject\",\"inLanguage\":\"fr-FR\",\"@id\":\"https:\/\/dev.sautter-pomor.fr\/sautter-pomor\/#\/schema\/logo\/image\/\",\"url\":\"https:\/\/dev.sautter-pomor.fr\/sautter-pomor\/wp-content\/uploads\/2026\/02\/cropped-logo_site_hd.png\",\"contentUrl\":\"https:\/\/dev.sautter-pomor.fr\/sautter-pomor\/wp-content\/uploads\/2026\/02\/cropped-logo_site_hd.png\",\"width\":240,\"height\":127,\"caption\":\"Sautter Pomor\"},\"image\":{\"@id\":\"https:\/\/dev.sautter-pomor.fr\/sautter-pomor\/#\/schema\/logo\/image\/\"},\"sameAs\":[\"https:\/\/www.facebook.com\/profile.php?id=100061598934867\"]}]}<\/script>\n<!-- \/ Yoast SEO plugin. -->","yoast_head_json":{"title":"Des \u00e9tiquettes personnalis\u00e9es - Sautter-Pomor","robots":{"index":"noindex","follow":"follow","max-snippet":"max-snippet:-1","max-image-preview":"max-image-preview:large","max-video-preview":"max-video-preview:-1"},"og_locale":"fr_FR","og_type":"article","og_title":"Des \u00e9tiquettes personnalis\u00e9es - Sautter-Pomor","og_description":"Cuv\u00e9es et \u00e9tiquettes personnalis\u00e9es pour vos jus de fruits et cidres\u00a0 Depuis l\u2019Alsace,\u00a0Sautter, cidrerie familiale fond\u00e9e, excelle dans la production de jus de fruits, de l\u00e9gumes et cidres, et les exporte localement comme au niveau national. Aujourd\u2019hui,\u00a0nous faisons\u00a0de la production de cuv\u00e9es et d\u2019\u00e9tiquettes personnalis\u00e9es\u00a0notre\u00a0marque de fabrique et vous proposons\u00a0de profiter de\u00a0notre\u00a0image de marque.\u00a0 Cuv\u00e9es [&hellip;]","og_url":"https:\/\/dev.sautter-pomor.fr\/sautter-pomor\/des-etiquettes-personnalisees\/","og_site_name":"Sautter-Pomor","article_publisher":"https:\/\/www.facebook.com\/profile.php?id=100061598934867","article_modified_time":"2026-04-09T13:06:38+00:00","og_image":[{"width":500,"height":889,"url":"https:\/\/dev.sautter-pomor.fr\/sautter-pomor\/wp-content\/uploads\/2026\/04\/Bulles-Pommes-Groseilles-Framboises-75cl.png","type":"image\/png"}],"twitter_card":"summary_large_image","twitter_misc":{"Dur\u00e9e de lecture estim\u00e9e":"3 minutes"},"schema":{"@context":"https:\/\/schema.org","@graph":[{"@type":"WebPage","@id":"https:\/\/dev.sautter-pomor.fr\/sautter-pomor\/des-etiquettes-personnalisees\/","url":"https:\/\/dev.sautter-pomor.fr\/sautter-pomor\/des-etiquettes-personnalisees\/","name":"Des \u00e9tiquettes personnalis\u00e9es - Sautter-Pomor","isPartOf":{"@id":"https:\/\/dev.sautter-pomor.fr\/sautter-pomor\/#website"},"primaryImageOfPage":{"@id":"https:\/\/dev.sautter-pomor.fr\/sautter-pomor\/des-etiquettes-personnalisees\/#primaryimage"},"image":{"@id":"https:\/\/dev.sautter-pomor.fr\/sautter-pomor\/des-etiquettes-personnalisees\/#primaryimage"},"thumbnailUrl":"https:\/\/dev.sautter-pomor.fr\/sautter-pomor\/wp-content\/uploads\/2026\/04\/Bulles-Pommes-Groseilles-Framboises-75cl.png","datePublished":"2026-03-02T11:27:46+00:00","dateModified":"2026-04-09T13:06:38+00:00","breadcrumb":{"@id":"https:\/\/dev.sautter-pomor.fr\/sautter-pomor\/des-etiquettes-personnalisees\/#breadcrumb"},"inLanguage":"fr-FR","potentialAction":[{"@type":"ReadAction","target":["https:\/\/dev.sautter-pomor.fr\/sautter-pomor\/des-etiquettes-personnalisees\/"]}]},{"@type":"ImageObject","inLanguage":"fr-FR","@id":"https:\/\/dev.sautter-pomor.fr\/sautter-pomor\/des-etiquettes-personnalisees\/#primaryimage","url":"https:\/\/dev.sautter-pomor.fr\/sautter-pomor\/wp-content\/uploads\/2026\/04\/Bulles-Pommes-Groseilles-Framboises-75cl.png","contentUrl":"https:\/\/dev.sautter-pomor.fr\/sautter-pomor\/wp-content\/uploads\/2026\/04\/Bulles-Pommes-Groseilles-Framboises-75cl.png","width":500,"height":889},{"@type":"BreadcrumbList","@id":"https:\/\/dev.sautter-pomor.fr\/sautter-pomor\/des-etiquettes-personnalisees\/#breadcrumb","itemListElement":[{"@type":"ListItem","position":1,"name":"Accueil","item":"https:\/\/dev.sautter-pomor.fr\/sautter-pomor\/"},{"@type":"ListItem","position":2,"name":"Des \u00e9tiquettes personnalis\u00e9es"}]},{"@type":"WebSite","@id":"https:\/\/dev.sautter-pomor.fr\/sautter-pomor\/#website","url":"https:\/\/dev.sautter-pomor.fr\/sautter-pomor\/","name":"Sautter-Pomor","description":"Jus de fruits, jus de l\u00e9gumes et cidres en Alsace depuis plus de 125 ans","publisher":{"@id":"https:\/\/dev.sautter-pomor.fr\/sautter-pomor\/#organization"},"potentialAction":[{"@type":"SearchAction","target":{"@type":"EntryPoint","urlTemplate":"https:\/\/dev.sautter-pomor.fr\/sautter-pomor\/?s={search_term_string}"},"query-input":{"@type":"PropertyValueSpecification","valueRequired":true,"valueName":"search_term_string"}}],"inLanguage":"fr-FR"},{"@type":"Organization","@id":"https:\/\/dev.sautter-pomor.fr\/sautter-pomor\/#organization","name":"Sautter Pomor","url":"https:\/\/dev.sautter-pomor.fr\/sautter-pomor\/","logo":{"@type":"ImageObject","inLanguage":"fr-FR","@id":"https:\/\/dev.sautter-pomor.fr\/sautter-pomor\/#\/schema\/logo\/image\/","url":"https:\/\/dev.sautter-pomor.fr\/sautter-pomor\/wp-content\/uploads\/2026\/02\/cropped-logo_site_hd.png","contentUrl":"https:\/\/dev.sautter-pomor.fr\/sautter-pomor\/wp-content\/uploads\/2026\/02\/cropped-logo_site_hd.png","width":240,"height":127,"caption":"Sautter Pomor"},"image":{"@id":"https:\/\/dev.sautter-pomor.fr\/sautter-pomor\/#\/schema\/logo\/image\/"},"sameAs":["https:\/\/www.facebook.com\/profile.php?id=100061598934867"]}]}},"_links":{"self":[{"href":"https:\/\/dev.sautter-pomor.fr\/sautter-pomor\/wp-json\/wp\/v2\/pages\/423","targetHints":{"allow":["GET"]}}],"collection":[{"href":"https:\/\/dev.sautter-pomor.fr\/sautter-pomor\/wp-json\/wp\/v2\/pages"}],"about":[{"href":"https:\/\/dev.sautter-pomor.fr\/sautter-pomor\/wp-json\/wp\/v2\/types\/page"}],"author":[{"embeddable":true,"href":"https:\/\/dev.sautter-pomor.fr\/sautter-pomor\/wp-json\/wp\/v2\/users\/1"}],"replies":[{"embeddable":true,"href":"https:\/\/dev.sautter-pomor.fr\/sautter-pomor\/wp-json\/wp\/v2\/comments?post=423"}],"version-history":[{"count":16,"href":"https:\/\/dev.sautter-pomor.fr\/sautter-pomor\/wp-json\/wp\/v2\/pages\/423\/revisions"}],"predecessor-version":[{"id":808,"href":"https:\/\/dev.sautter-pomor.fr\/sautter-pomor\/wp-json\/wp\/v2\/pages\/423\/revisions\/808"}],"wp:attachment":[{"href":"https:\/\/dev.sautter-pomor.fr\/sautter-pomor\/wp-json\/wp\/v2\/media?parent=423"}],"curies":[{"name":"wp","href":"https:\/\/api.w.org\/{rel}","templated":true}]}}