{"id":426,"date":"2026-03-02T13:35:12","date_gmt":"2026-03-02T12:35:12","guid":{"rendered":"https:\/\/dev.sautter-pomor.fr\/sautter-pomor\/?page_id=426"},"modified":"2026-04-15T10:50:08","modified_gmt":"2026-04-15T08:50:08","slug":"fournisseur-boisson-professionnel","status":"publish","type":"page","link":"https:\/\/dev.sautter-pomor.fr\/sautter-pomor\/fournisseur-boisson-professionnel\/","title":{"rendered":"Fournisseur boisson professionnel, pour les Caf\u00e9s, H\u00f4tels et Restaurants"},"content":{"rendered":"\n<div style=\"height:53px\" aria-hidden=\"true\" class=\"wp-block-spacer\"><\/div>\n\n\n\n<div class=\"wp-block-columns container-pro is-layout-flex wp-container-core-columns-is-layout-9d6595d7 wp-block-columns-is-layout-flex\">\n<div class=\"wp-block-column small-width is-layout-flow wp-block-column-is-layout-flow\">\n<div class=\"wp-block-columns bloc-mea pro is-layout-flex wp-container-core-columns-is-layout-9d6595d7 wp-block-columns-is-layout-flex\">\n<div class=\"wp-block-column is-vertically-aligned-center is-layout-flow wp-block-column-is-layout-flow\">\n<h2 class=\"wp-block-heading\">Fournisseur de boisson pour professionnels <strong>CHR<\/strong>&nbsp;<\/h2>\n\n\n\n<p>D\u00e9couvrez les solutions&nbsp;Sautter&nbsp;pour les Caf\u00e9s, H\u00f4tels et Restaurants (CHR) en Alsace. Fournisseur boisson professionnel depuis 1888,&nbsp;Sautter, entreprise familiale bas\u00e9e \u00e0 Sessenheim, transforme 3\u2009000\u202ftonnes de pommes locales et de fruits en boissons d\u2019exception. Certifi\u00e9s&nbsp;bio par&nbsp;Ecocert, nos jus, jus bio et cidres naturels allient tradition et qualit\u00e9 pour sublimer les menus, les s\u00e9jours, ainsi que l\u2019exp\u00e9rience des clients et visiteurs.&nbsp;<\/p>\n\n\n\n<p>Optez pour un jus de pomme artisanal 100\u202f% alsacien, des jus de fruits purs et sans additifs, r\u00e9pondant aux attentes d\u2019une client\u00e8le exigeante.&nbsp;<\/p>\n<\/div>\n\n\n\n<div class=\"wp-block-column is-layout-flow wp-block-column-is-layout-flow\">\n<figure class=\"wp-block-image size-full\"><img loading=\"lazy\" decoding=\"async\" width=\"405\" height=\"405\" src=\"https:\/\/dev.sautter-pomor.fr\/sautter-pomor\/wp-content\/uploads\/2026\/02\/un-homme-souriant-avec-les-bras-croises-devant-1.png\" alt=\"\" class=\"wp-image-283\" srcset=\"https:\/\/dev.sautter-pomor.fr\/sautter-pomor\/wp-content\/uploads\/2026\/02\/un-homme-souriant-avec-les-bras-croises-devant-1.png 405w, https:\/\/dev.sautter-pomor.fr\/sautter-pomor\/wp-content\/uploads\/2026\/02\/un-homme-souriant-avec-les-bras-croises-devant-1-300x300.png 300w, https:\/\/dev.sautter-pomor.fr\/sautter-pomor\/wp-content\/uploads\/2026\/02\/un-homme-souriant-avec-les-bras-croises-devant-1-150x150.png 150w\" sizes=\"auto, (max-width: 405px) 100vw, 405px\" \/><\/figure>\n\n\n\n<div class=\"wp-block-buttons absolute is-content-justification-center is-layout-flex wp-container-core-buttons-is-layout-16018d1d wp-block-buttons-is-layout-flex\">\n<div class=\"wp-block-button\"><a class=\"wp-block-button__link wp-element-button\" href=\"https:\/\/dev.sautter-pomor.fr\/sautter-pomor\/contact\/\">Posez-nous vos questions<\/a><\/div>\n<\/div>\n<\/div>\n<\/div>\n<\/div>\n<\/div>\n\n\n\n<hr class=\"wp-block-separator has-alpha-channel-opacity\"\/>\n\n\n\n<div class=\"wp-block-columns small-width is-layout-flex wp-container-core-columns-is-layout-9d6595d7 wp-block-columns-is-layout-flex\">\n<div class=\"wp-block-column is-layout-flow wp-block-column-is-layout-flow\" style=\"flex-basis:66.66%\">\n<h2 class=\"wp-block-heading\"><strong>Jus et cidres\u202f: des pommes et vari\u00e9t\u00e9s authentiques<\/strong>&nbsp;<\/h2>\n\n\n\n<p>Nos jus de fruits et cidres sont press\u00e9s \u00e0 froid \u00e0 partir de pommes d\u2019Alsace et de fruits issus de nos meilleurs partenaires. Le pur jus de pomme, trouble ou filtr\u00e9, offre une saveur authentique et une touche effervescente. Parfait pour accompagner vos plats alsaciens, ces produits locaux s\u00e9duisent les amateurs de terroir. Avec plus de 40\u202fvari\u00e9t\u00e9s de fruits et de m\u00e9langes&nbsp;\u2014&nbsp;comme pomme-mangue&nbsp;\u2014, vous proposez des options pour tous les palais.&nbsp;<\/p>\n\n\n\n<div class=\"wp-block-buttons is-layout-flex wp-block-buttons-is-layout-flex\">\n<div class=\"wp-block-button\"><a class=\"wp-block-button__link wp-element-button\" href=\"https:\/\/dev.sautter-pomor.fr\/sautter-pomor\/produits\/les-cidres\/\">D\u00e9couvrir nos cidres<\/a><\/div>\n<\/div>\n<\/div>\n\n\n\n<div class=\"wp-block-column position-absolute is-layout-flow wp-block-column-is-layout-flow\" style=\"flex-basis:33.33%\">\n<figure class=\"wp-block-image size-full\"><img loading=\"lazy\" decoding=\"async\" width=\"371\" height=\"499\" src=\"https:\/\/dev.sautter-pomor.fr\/sautter-pomor\/wp-content\/uploads\/2026\/03\/cidre.webp\" alt=\"\" class=\"wp-image-510\" srcset=\"https:\/\/dev.sautter-pomor.fr\/sautter-pomor\/wp-content\/uploads\/2026\/03\/cidre.webp 371w, https:\/\/dev.sautter-pomor.fr\/sautter-pomor\/wp-content\/uploads\/2026\/03\/cidre-223x300.webp 223w\" sizes=\"auto, (max-width: 371px) 100vw, 371px\" \/><\/figure>\n<\/div>\n<\/div>\n\n\n\n<hr class=\"wp-block-separator has-alpha-channel-opacity\"\/>\n\n\n\n<div class=\"wp-block-columns small-width is-layout-flex wp-container-core-columns-is-layout-9d6595d7 wp-block-columns-is-layout-flex\">\n<div class=\"wp-block-column is-layout-flow wp-block-column-is-layout-flow\" style=\"flex-basis:33.33%\">\n<figure class=\"wp-block-image size-full\"><img loading=\"lazy\" decoding=\"async\" width=\"400\" height=\"235\" src=\"https:\/\/dev.sautter-pomor.fr\/sautter-pomor\/wp-content\/uploads\/2026\/03\/glass-with-apple-cider-mint-branches-apples-light-wooden-background-top-view.webp\" alt=\"\" class=\"wp-image-513\" srcset=\"https:\/\/dev.sautter-pomor.fr\/sautter-pomor\/wp-content\/uploads\/2026\/03\/glass-with-apple-cider-mint-branches-apples-light-wooden-background-top-view.webp 400w, https:\/\/dev.sautter-pomor.fr\/sautter-pomor\/wp-content\/uploads\/2026\/03\/glass-with-apple-cider-mint-branches-apples-light-wooden-background-top-view-300x176.webp 300w\" sizes=\"auto, (max-width: 400px) 100vw, 400px\" \/><\/figure>\n<\/div>\n\n\n\n<div class=\"wp-block-column is-layout-flow wp-block-column-is-layout-flow\" style=\"flex-basis:66.66%\">\n<h2 class=\"wp-block-heading\"><strong>Jus pour cocktails\u202f: cr\u00e9ativit\u00e9, mixologie et bar<\/strong>&nbsp;<\/h2>\n\n\n\n<p>Les purs&nbsp;jus de fruits&nbsp;Sautter, et notamment nos jus de pomme, r\u00e9pondent aux attentes des clients des bars et des adeptes de la mixologie.&nbsp;Le jus de pomme artisanal se marie, avec mod\u00e9ration, \u00e0 la vodka, au gin ou au rhum pour des cr\u00e9ations rafra\u00eechissantes. Les jus bio, riches en ar\u00f4mes naturels, garantissent des m\u00e9langes \u00e9quilibr\u00e9s sans sucre ajout\u00e9.&nbsp;<\/p>\n\n\n\n<div class=\"wp-block-buttons is-layout-flex wp-block-buttons-is-layout-flex\">\n<div class=\"wp-block-button\"><a class=\"wp-block-button__link wp-element-button\" href=\"https:\/\/dev.sautter-pomor.fr\/sautter-pomor\/produits\/les-purs-jus\/\">Voir les produits<\/a><\/div>\n<\/div>\n<\/div>\n<\/div>\n\n\n\n<hr class=\"wp-block-separator has-alpha-channel-opacity\"\/>\n\n\n\n<div class=\"wp-block-columns container-histoire is-layout-flex wp-container-core-columns-is-layout-9d6595d7 wp-block-columns-is-layout-flex\">\n<div class=\"wp-block-column small-width is-layout-flow wp-block-column-is-layout-flow\">\n<div class=\"wp-block-columns are-vertically-aligned-center bloc-mea hist is-layout-flex wp-container-core-columns-is-layout-9d6595d7 wp-block-columns-is-layout-flex\">\n<div class=\"wp-block-column is-vertically-aligned-center is-layout-flow wp-block-column-is-layout-flow\" style=\"flex-basis:33.33%\">\n<figure class=\"wp-block-image size-full\"><img loading=\"lazy\" decoding=\"async\" width=\"371\" height=\"499\" src=\"https:\/\/dev.sautter-pomor.fr\/sautter-pomor\/wp-content\/uploads\/2026\/03\/jus-exeption.webp\" alt=\"jus d'exeption\" class=\"wp-image-455\" srcset=\"https:\/\/dev.sautter-pomor.fr\/sautter-pomor\/wp-content\/uploads\/2026\/03\/jus-exeption.webp 371w, https:\/\/dev.sautter-pomor.fr\/sautter-pomor\/wp-content\/uploads\/2026\/03\/jus-exeption-223x300.webp 223w\" sizes=\"auto, (max-width: 371px) 100vw, 371px\" \/><\/figure>\n<\/div>\n\n\n\n<div class=\"wp-block-column is-vertically-aligned-center is-layout-flow wp-block-column-is-layout-flow\" style=\"flex-basis:66.66%\">\n<h2 class=\"wp-block-heading\"><strong>Des boissons innovantes qui valorisent l\u2019excellence alsacienne<\/strong>&nbsp;<\/h2>\n\n\n\n<p>Avec ses jus de fruits,&nbsp;Sautter&nbsp;vous permet de r\u00e9pondre aux attentes d\u2019une client\u00e8le d\u2019exception. Aux c\u00f4t\u00e9s de vos chefs, d\u00e9couvrez le charme des accords jus-mets et r\u00e9pondez aux envies des clients en qu\u00eate d\u2019alternatives aux boissons alcoolis\u00e9es.&nbsp;<\/p>\n\n\n\n<p>Gr\u00e2ce \u00e0 des gammes comme&nbsp;So\u2019Th\u00e9, r\u00e9alis\u00e9es en partenariat avec le Comptoir Fran\u00e7ais du Th\u00e9, le jus de pomme artisanal devient le complice d\u2019accords savoureux. Dans la gamme Apfel, jus d\u2019exception issu de circuits courts, ce fruit s\u2019associe au&nbsp;coing, \u00e0 la mirabelle, \u00e0 la mangue et&nbsp;\u00e0&nbsp;bien d\u2019autres&nbsp;fruits. Cette gamme incarne le luxe des grandes tables gastronomiques et s\u2019accorde parfaitement avec du foie gras, de belles viandes ou des plats de chefs.&nbsp;<\/p>\n\n\n\n<div class=\"wp-block-buttons is-layout-flex wp-block-buttons-is-layout-flex\">\n<div class=\"wp-block-button\"><a class=\"wp-block-button__link wp-element-button\" href=\"https:\/\/dev.sautter-pomor.fr\/sautter-pomor\/produits\/les-jus-dexception\/\">D\u00e9couvrir notre gamme de jus d&rsquo;exeption<\/a><\/div>\n<\/div>\n<\/div>\n<\/div>\n<\/div>\n<\/div>\n\n\n\n<hr class=\"wp-block-separator has-alpha-channel-opacity\"\/>\n\n\n\n<div class=\"wp-block-columns small-width is-layout-flex wp-container-core-columns-is-layout-9d6595d7 wp-block-columns-is-layout-flex\">\n<div class=\"wp-block-column is-layout-flow wp-block-column-is-layout-flow\">\n<h2 class=\"wp-block-heading\"><strong>Solutions pour les repas et petits-d\u00e9jeuners<\/strong>&nbsp;<\/h2>\n\n\n\n<p>Pour vos repas et petits-d\u00e9jeuners,&nbsp;Sautter&nbsp;propose des solutions compl\u00e8tes aux h\u00f4tels et restaurants. Associ\u00e9s \u00e0 des jus de fruits frais, nos formats consign\u00e9s (25\u202fcl, 75\u202fcl, 1\u202fl) facilitent le service en buffet. \u00c9cologiques et savoureux, ils transforment chaque moment en une exp\u00e9rience bien-\u00eatre.&nbsp;<\/p>\n<\/div>\n\n\n\n<div class=\"wp-block-column is-layout-flow wp-block-column-is-layout-flow\">\n<h2 class=\"wp-block-heading\"><strong>Les vertus des boissons<\/strong>&nbsp;<\/h2>\n\n\n\n<p>Les jus et boissons&nbsp;Sautter&nbsp;regorgent de vertus. Riches en vitamines et antioxydants, le jus de pomme booste l\u2019immunit\u00e9 et aide \u00e0 la digestion. Les cidres, consomm\u00e9s avec mod\u00e9ration, favorisent la d\u00e9tente. Sans conservateurs, les produits bio soutiennent une hydratation saine.&nbsp;<\/p>\n<\/div>\n<\/div>\n\n\n\n<hr class=\"wp-block-separator has-alpha-channel-opacity\"\/>\n\n\n\n<div class=\"wp-block-columns small-width is-layout-flex wp-container-core-columns-is-layout-9d6595d7 wp-block-columns-is-layout-flex\">\n<div class=\"wp-block-column is-layout-flow wp-block-column-is-layout-flow\">\n<h2 class=\"wp-block-heading\"><strong>Mis \u00e0 disposition par vos distributeurs<\/strong>&nbsp;<\/h2>\n\n\n\n<p>Si les \u00e9quipes&nbsp;Sautter&nbsp;se tiennent \u00e0 votre disposition pour vous pr\u00e9senter l\u2019\u00e9tendue de leur gamme en jus de pomme, jus, boissons et cidres, ce sont vos partenaires grossistes et sp\u00e9cialistes qui en assurent la livraison.&nbsp;<\/p>\n\n\n\n<p>Livraisons r\u00e9guli\u00e8res&nbsp;de nos boissons&nbsp;en bouteilles&nbsp;en verre&nbsp;consign\u00e9 pour minimiser l\u2019impact environnemental, volumes flexibles, promotions saisonni\u00e8res et gammes innovantes\u202f: tout vous relie \u00e0 la Maison&nbsp;Sautter&nbsp;et \u00e0 son id\u00e9e authentique des jus de pomme, jus bio et cidres d\u2019Alsace.&nbsp;<\/p>\n\n\n\n<p>Pur Jus pour l\u2019authenticit\u00e9, Bio pour l\u2019\u00e9cologie, Apfel pour le prestige, Cidres pour la convivialit\u00e9. Chacun de&nbsp;nos&nbsp;produits&nbsp;raconte&nbsp;137\u202fans d\u2019histoire \u00e0 partager dans vos \u00e9tablissements.&nbsp;<\/p>\n<\/div>\n\n\n\n<div class=\"wp-block-column is-layout-flow wp-block-column-is-layout-flow\">\n<figure class=\"wp-block-image size-full\"><img loading=\"lazy\" decoding=\"async\" width=\"500\" height=\"333\" src=\"https:\/\/dev.sautter-pomor.fr\/sautter-pomor\/wp-content\/uploads\/2026\/04\/Sautter-2016-04_013.webp\" alt=\"fournisseur boissons alsace\" class=\"wp-image-815\" srcset=\"https:\/\/dev.sautter-pomor.fr\/sautter-pomor\/wp-content\/uploads\/2026\/04\/Sautter-2016-04_013.webp 500w, https:\/\/dev.sautter-pomor.fr\/sautter-pomor\/wp-content\/uploads\/2026\/04\/Sautter-2016-04_013-300x200.webp 300w\" sizes=\"auto, (max-width: 500px) 100vw, 500px\" \/><\/figure>\n<\/div>\n<\/div>\n\n\n\n<p><\/p>\n\n\n\n<p><\/p>\n","protected":false},"excerpt":{"rendered":"<p>Fournisseur de boisson pour professionnels CHR&nbsp; D\u00e9couvrez les solutions&nbsp;Sautter&nbsp;pour les Caf\u00e9s, H\u00f4tels et Restaurants (CHR) en Alsace. Fournisseur boisson professionnel depuis 1888,&nbsp;Sautter, entreprise familiale bas\u00e9e \u00e0 Sessenheim, transforme 3\u2009000\u202ftonnes de pommes locales et de fruits en boissons d\u2019exception. Certifi\u00e9s&nbsp;bio par&nbsp;Ecocert, nos jus, jus bio et cidres naturels allient tradition et qualit\u00e9 pour sublimer les menus, [&hellip;]<\/p>\n","protected":false},"author":1,"featured_media":0,"parent":0,"menu_order":0,"comment_status":"closed","ping_status":"closed","template":"","meta":{"footnotes":""},"class_list":["post-426","page","type-page","status-publish","hentry"],"yoast_head":"<!-- This site is optimized with the Yoast SEO plugin v27.2 - https:\/\/yoast.com\/product\/yoast-seo-wordpress\/ -->\n<title>Fournisseur boisson professionnel - Jus de fruits Alsace<\/title>\n<meta name=\"description\" content=\"Fournisseur boisson professionnel, pour les Caf\u00e9s, H\u00f4tels et Restaurants. Sautter Pomor \u00e0 Sessenheim Jus de pomme d\u2019Alsace, jus de fruits\" \/>\n<meta name=\"robots\" content=\"noindex, follow, max-snippet:-1, max-image-preview:large, max-video-preview:-1\" \/>\n<meta property=\"og:locale\" content=\"fr_FR\" \/>\n<meta property=\"og:type\" content=\"article\" \/>\n<meta property=\"og:title\" content=\"Fournisseur boisson professionnel - Jus de fruits Alsace\" \/>\n<meta property=\"og:description\" content=\"Fournisseur boisson professionnel, pour les Caf\u00e9s, H\u00f4tels et Restaurants. Sautter Pomor \u00e0 Sessenheim Jus de pomme d\u2019Alsace, jus de fruits\" \/>\n<meta property=\"og:url\" content=\"https:\/\/dev.sautter-pomor.fr\/sautter-pomor\/fournisseur-boisson-professionnel\/\" \/>\n<meta property=\"og:site_name\" content=\"Sautter-Pomor\" \/>\n<meta property=\"article:publisher\" content=\"https:\/\/www.facebook.com\/profile.php?id=100061598934867\" \/>\n<meta property=\"article:modified_time\" content=\"2026-04-15T08:50:08+00:00\" \/>\n<meta property=\"og:image\" content=\"https:\/\/dev.sautter-pomor.fr\/sautter-pomor\/wp-content\/uploads\/2026\/02\/un-homme-souriant-avec-les-bras-croises-devant-1.png\" \/>\n\t<meta property=\"og:image:width\" content=\"405\" \/>\n\t<meta property=\"og:image:height\" content=\"405\" \/>\n\t<meta property=\"og:image:type\" content=\"image\/png\" \/>\n<meta name=\"twitter:card\" content=\"summary_large_image\" \/>\n<meta name=\"twitter:label1\" content=\"Dur\u00e9e de lecture estim\u00e9e\" \/>\n\t<meta name=\"twitter:data1\" content=\"5 minutes\" \/>\n<script type=\"application\/ld+json\" class=\"yoast-schema-graph\">{\"@context\":\"https:\/\/schema.org\",\"@graph\":[{\"@type\":\"WebPage\",\"@id\":\"https:\/\/dev.sautter-pomor.fr\/sautter-pomor\/fournisseur-boisson-professionnel\/\",\"url\":\"https:\/\/dev.sautter-pomor.fr\/sautter-pomor\/fournisseur-boisson-professionnel\/\",\"name\":\"Fournisseur boisson professionnel - Jus de fruits Alsace\",\"isPartOf\":{\"@id\":\"https:\/\/dev.sautter-pomor.fr\/sautter-pomor\/#website\"},\"primaryImageOfPage\":{\"@id\":\"https:\/\/dev.sautter-pomor.fr\/sautter-pomor\/fournisseur-boisson-professionnel\/#primaryimage\"},\"image\":{\"@id\":\"https:\/\/dev.sautter-pomor.fr\/sautter-pomor\/fournisseur-boisson-professionnel\/#primaryimage\"},\"thumbnailUrl\":\"https:\/\/dev.sautter-pomor.fr\/sautter-pomor\/wp-content\/uploads\/2026\/02\/un-homme-souriant-avec-les-bras-croises-devant-1.png\",\"datePublished\":\"2026-03-02T12:35:12+00:00\",\"dateModified\":\"2026-04-15T08:50:08+00:00\",\"description\":\"Fournisseur boisson professionnel, pour les Caf\u00e9s, H\u00f4tels et Restaurants. Sautter Pomor \u00e0 Sessenheim Jus de pomme d\u2019Alsace, jus de fruits\",\"breadcrumb\":{\"@id\":\"https:\/\/dev.sautter-pomor.fr\/sautter-pomor\/fournisseur-boisson-professionnel\/#breadcrumb\"},\"inLanguage\":\"fr-FR\",\"potentialAction\":[{\"@type\":\"ReadAction\",\"target\":[\"https:\/\/dev.sautter-pomor.fr\/sautter-pomor\/fournisseur-boisson-professionnel\/\"]}]},{\"@type\":\"ImageObject\",\"inLanguage\":\"fr-FR\",\"@id\":\"https:\/\/dev.sautter-pomor.fr\/sautter-pomor\/fournisseur-boisson-professionnel\/#primaryimage\",\"url\":\"https:\/\/dev.sautter-pomor.fr\/sautter-pomor\/wp-content\/uploads\/2026\/02\/un-homme-souriant-avec-les-bras-croises-devant-1.png\",\"contentUrl\":\"https:\/\/dev.sautter-pomor.fr\/sautter-pomor\/wp-content\/uploads\/2026\/02\/un-homme-souriant-avec-les-bras-croises-devant-1.png\",\"width\":405,\"height\":405},{\"@type\":\"BreadcrumbList\",\"@id\":\"https:\/\/dev.sautter-pomor.fr\/sautter-pomor\/fournisseur-boisson-professionnel\/#breadcrumb\",\"itemListElement\":[{\"@type\":\"ListItem\",\"position\":1,\"name\":\"Accueil\",\"item\":\"https:\/\/dev.sautter-pomor.fr\/sautter-pomor\/\"},{\"@type\":\"ListItem\",\"position\":2,\"name\":\"Fournisseur boisson professionnel, pour les Caf\u00e9s, H\u00f4tels et Restaurants\"}]},{\"@type\":\"WebSite\",\"@id\":\"https:\/\/dev.sautter-pomor.fr\/sautter-pomor\/#website\",\"url\":\"https:\/\/dev.sautter-pomor.fr\/sautter-pomor\/\",\"name\":\"Sautter-Pomor\",\"description\":\"Jus de fruits, jus de l\u00e9gumes et cidres en Alsace depuis plus de 125 ans\",\"publisher\":{\"@id\":\"https:\/\/dev.sautter-pomor.fr\/sautter-pomor\/#organization\"},\"potentialAction\":[{\"@type\":\"SearchAction\",\"target\":{\"@type\":\"EntryPoint\",\"urlTemplate\":\"https:\/\/dev.sautter-pomor.fr\/sautter-pomor\/?s={search_term_string}\"},\"query-input\":{\"@type\":\"PropertyValueSpecification\",\"valueRequired\":true,\"valueName\":\"search_term_string\"}}],\"inLanguage\":\"fr-FR\"},{\"@type\":\"Organization\",\"@id\":\"https:\/\/dev.sautter-pomor.fr\/sautter-pomor\/#organization\",\"name\":\"Sautter Pomor\",\"url\":\"https:\/\/dev.sautter-pomor.fr\/sautter-pomor\/\",\"logo\":{\"@type\":\"ImageObject\",\"inLanguage\":\"fr-FR\",\"@id\":\"https:\/\/dev.sautter-pomor.fr\/sautter-pomor\/#\/schema\/logo\/image\/\",\"url\":\"https:\/\/dev.sautter-pomor.fr\/sautter-pomor\/wp-content\/uploads\/2026\/02\/cropped-logo_site_hd.png\",\"contentUrl\":\"https:\/\/dev.sautter-pomor.fr\/sautter-pomor\/wp-content\/uploads\/2026\/02\/cropped-logo_site_hd.png\",\"width\":240,\"height\":127,\"caption\":\"Sautter Pomor\"},\"image\":{\"@id\":\"https:\/\/dev.sautter-pomor.fr\/sautter-pomor\/#\/schema\/logo\/image\/\"},\"sameAs\":[\"https:\/\/www.facebook.com\/profile.php?id=100061598934867\"]}]}<\/script>\n<!-- \/ Yoast SEO plugin. -->","yoast_head_json":{"title":"Fournisseur boisson professionnel - Jus de fruits Alsace","description":"Fournisseur boisson professionnel, pour les Caf\u00e9s, H\u00f4tels et Restaurants. Sautter Pomor \u00e0 Sessenheim Jus de pomme d\u2019Alsace, jus de fruits","robots":{"index":"noindex","follow":"follow","max-snippet":"max-snippet:-1","max-image-preview":"max-image-preview:large","max-video-preview":"max-video-preview:-1"},"og_locale":"fr_FR","og_type":"article","og_title":"Fournisseur boisson professionnel - Jus de fruits Alsace","og_description":"Fournisseur boisson professionnel, pour les Caf\u00e9s, H\u00f4tels et Restaurants. Sautter Pomor \u00e0 Sessenheim Jus de pomme d\u2019Alsace, jus de fruits","og_url":"https:\/\/dev.sautter-pomor.fr\/sautter-pomor\/fournisseur-boisson-professionnel\/","og_site_name":"Sautter-Pomor","article_publisher":"https:\/\/www.facebook.com\/profile.php?id=100061598934867","article_modified_time":"2026-04-15T08:50:08+00:00","og_image":[{"width":405,"height":405,"url":"https:\/\/dev.sautter-pomor.fr\/sautter-pomor\/wp-content\/uploads\/2026\/02\/un-homme-souriant-avec-les-bras-croises-devant-1.png","type":"image\/png"}],"twitter_card":"summary_large_image","twitter_misc":{"Dur\u00e9e de lecture estim\u00e9e":"5 minutes"},"schema":{"@context":"https:\/\/schema.org","@graph":[{"@type":"WebPage","@id":"https:\/\/dev.sautter-pomor.fr\/sautter-pomor\/fournisseur-boisson-professionnel\/","url":"https:\/\/dev.sautter-pomor.fr\/sautter-pomor\/fournisseur-boisson-professionnel\/","name":"Fournisseur boisson professionnel - Jus de fruits Alsace","isPartOf":{"@id":"https:\/\/dev.sautter-pomor.fr\/sautter-pomor\/#website"},"primaryImageOfPage":{"@id":"https:\/\/dev.sautter-pomor.fr\/sautter-pomor\/fournisseur-boisson-professionnel\/#primaryimage"},"image":{"@id":"https:\/\/dev.sautter-pomor.fr\/sautter-pomor\/fournisseur-boisson-professionnel\/#primaryimage"},"thumbnailUrl":"https:\/\/dev.sautter-pomor.fr\/sautter-pomor\/wp-content\/uploads\/2026\/02\/un-homme-souriant-avec-les-bras-croises-devant-1.png","datePublished":"2026-03-02T12:35:12+00:00","dateModified":"2026-04-15T08:50:08+00:00","description":"Fournisseur boisson professionnel, pour les Caf\u00e9s, H\u00f4tels et Restaurants. Sautter Pomor \u00e0 Sessenheim Jus de pomme d\u2019Alsace, jus de fruits","breadcrumb":{"@id":"https:\/\/dev.sautter-pomor.fr\/sautter-pomor\/fournisseur-boisson-professionnel\/#breadcrumb"},"inLanguage":"fr-FR","potentialAction":[{"@type":"ReadAction","target":["https:\/\/dev.sautter-pomor.fr\/sautter-pomor\/fournisseur-boisson-professionnel\/"]}]},{"@type":"ImageObject","inLanguage":"fr-FR","@id":"https:\/\/dev.sautter-pomor.fr\/sautter-pomor\/fournisseur-boisson-professionnel\/#primaryimage","url":"https:\/\/dev.sautter-pomor.fr\/sautter-pomor\/wp-content\/uploads\/2026\/02\/un-homme-souriant-avec-les-bras-croises-devant-1.png","contentUrl":"https:\/\/dev.sautter-pomor.fr\/sautter-pomor\/wp-content\/uploads\/2026\/02\/un-homme-souriant-avec-les-bras-croises-devant-1.png","width":405,"height":405},{"@type":"BreadcrumbList","@id":"https:\/\/dev.sautter-pomor.fr\/sautter-pomor\/fournisseur-boisson-professionnel\/#breadcrumb","itemListElement":[{"@type":"ListItem","position":1,"name":"Accueil","item":"https:\/\/dev.sautter-pomor.fr\/sautter-pomor\/"},{"@type":"ListItem","position":2,"name":"Fournisseur boisson professionnel, pour les Caf\u00e9s, H\u00f4tels et Restaurants"}]},{"@type":"WebSite","@id":"https:\/\/dev.sautter-pomor.fr\/sautter-pomor\/#website","url":"https:\/\/dev.sautter-pomor.fr\/sautter-pomor\/","name":"Sautter-Pomor","description":"Jus de fruits, jus de l\u00e9gumes et cidres en Alsace depuis plus de 125 ans","publisher":{"@id":"https:\/\/dev.sautter-pomor.fr\/sautter-pomor\/#organization"},"potentialAction":[{"@type":"SearchAction","target":{"@type":"EntryPoint","urlTemplate":"https:\/\/dev.sautter-pomor.fr\/sautter-pomor\/?s={search_term_string}"},"query-input":{"@type":"PropertyValueSpecification","valueRequired":true,"valueName":"search_term_string"}}],"inLanguage":"fr-FR"},{"@type":"Organization","@id":"https:\/\/dev.sautter-pomor.fr\/sautter-pomor\/#organization","name":"Sautter Pomor","url":"https:\/\/dev.sautter-pomor.fr\/sautter-pomor\/","logo":{"@type":"ImageObject","inLanguage":"fr-FR","@id":"https:\/\/dev.sautter-pomor.fr\/sautter-pomor\/#\/schema\/logo\/image\/","url":"https:\/\/dev.sautter-pomor.fr\/sautter-pomor\/wp-content\/uploads\/2026\/02\/cropped-logo_site_hd.png","contentUrl":"https:\/\/dev.sautter-pomor.fr\/sautter-pomor\/wp-content\/uploads\/2026\/02\/cropped-logo_site_hd.png","width":240,"height":127,"caption":"Sautter Pomor"},"image":{"@id":"https:\/\/dev.sautter-pomor.fr\/sautter-pomor\/#\/schema\/logo\/image\/"},"sameAs":["https:\/\/www.facebook.com\/profile.php?id=100061598934867"]}]}},"_links":{"self":[{"href":"https:\/\/dev.sautter-pomor.fr\/sautter-pomor\/wp-json\/wp\/v2\/pages\/426","targetHints":{"allow":["GET"]}}],"collection":[{"href":"https:\/\/dev.sautter-pomor.fr\/sautter-pomor\/wp-json\/wp\/v2\/pages"}],"about":[{"href":"https:\/\/dev.sautter-pomor.fr\/sautter-pomor\/wp-json\/wp\/v2\/types\/page"}],"author":[{"embeddable":true,"href":"https:\/\/dev.sautter-pomor.fr\/sautter-pomor\/wp-json\/wp\/v2\/users\/1"}],"replies":[{"embeddable":true,"href":"https:\/\/dev.sautter-pomor.fr\/sautter-pomor\/wp-json\/wp\/v2\/comments?post=426"}],"version-history":[{"count":45,"href":"https:\/\/dev.sautter-pomor.fr\/sautter-pomor\/wp-json\/wp\/v2\/pages\/426\/revisions"}],"predecessor-version":[{"id":971,"href":"https:\/\/dev.sautter-pomor.fr\/sautter-pomor\/wp-json\/wp\/v2\/pages\/426\/revisions\/971"}],"wp:attachment":[{"href":"https:\/\/dev.sautter-pomor.fr\/sautter-pomor\/wp-json\/wp\/v2\/media?parent=426"}],"curies":[{"name":"wp","href":"https:\/\/api.w.org\/{rel}","templated":true}]}}