{"id":972,"date":"2026-04-15T10:52:15","date_gmt":"2026-04-15T08:52:15","guid":{"rendered":"https:\/\/dev.sautter-pomor.fr\/sautter-pomor\/?page_id=972"},"modified":"2026-04-15T11:22:25","modified_gmt":"2026-04-15T09:22:25","slug":"nous-sommes-partenaire-privilegie-des-grandes-et-moyennes-surfaces","status":"publish","type":"page","link":"https:\/\/dev.sautter-pomor.fr\/sautter-pomor\/nous-sommes-partenaire-privilegie-des-grandes-et-moyennes-surfaces\/","title":{"rendered":"Nous sommes partenaire privil\u00e9gi\u00e9 des grandes et moyennes surfaces"},"content":{"rendered":"\n<div style=\"height:53px\" aria-hidden=\"true\" class=\"wp-block-spacer\"><\/div>\n\n\n\n<div class=\"wp-block-columns container-pro is-layout-flex wp-container-core-columns-is-layout-9d6595d7 wp-block-columns-is-layout-flex\">\n<div class=\"wp-block-column small-width is-layout-flow wp-block-column-is-layout-flow\">\n<div class=\"wp-block-columns bloc-mea pro is-layout-flex wp-container-core-columns-is-layout-9d6595d7 wp-block-columns-is-layout-flex\">\n<div class=\"wp-block-column is-vertically-aligned-center is-layout-flow wp-block-column-is-layout-flow\">\n<h2 class=\"wp-block-heading\">Enrichissez vos rayons et s\u00e9duisez les familles !<\/h2>\n\n\n\n<p>Depuis 1888,&nbsp;Sautter, entreprise familiale alsacienne&nbsp;bas\u00e9e&nbsp;\u00e0 Sessenheim, tisse un partenariat de confiance avec les grandes et moyennes surfaces. Sp\u00e9cialis\u00e9e en jus de pomme&nbsp;d\u2019Alsace, jus de fruits et cidres naturels, la marque transforme 3\u2009000\u202ftonnes de pommes locales par an.&nbsp;Certifi\u00e9s bio&nbsp;Ecocert, nos&nbsp;jus de pomme sont ainsi diffus\u00e9s&nbsp;en&nbsp;bouteilles de&nbsp;verre consign\u00e9es&nbsp;(pr\u00e8s de 2\u202fmillions de bouteilles)&nbsp;et&nbsp;valorisent le&nbsp;<em>consommer local<\/em>&nbsp;et l\u2019\u00e9conomie alsacienne.&nbsp;&nbsp;<\/p>\n\n\n\n<p><strong>D\u00e9couvrez nos solutions pour enrichir vos rayons et s\u00e9duire familles, amateurs de terroir et adeptes\u00a0des circuits courts et responsables.\u00a0<\/strong><\/p>\n<\/div>\n\n\n\n<div class=\"wp-block-column is-layout-flow wp-block-column-is-layout-flow\">\n<div style=\"height:100px\" aria-hidden=\"true\" class=\"wp-block-spacer\"><\/div>\n\n\n\n<figure class=\"wp-block-image size-full\"><img loading=\"lazy\" decoding=\"async\" width=\"500\" height=\"333\" src=\"https:\/\/dev.sautter-pomor.fr\/sautter-pomor\/wp-content\/uploads\/2026\/04\/medium-shot-women-checking-products.webp\" alt=\"distributeur GMS\" class=\"wp-image-975\" srcset=\"https:\/\/dev.sautter-pomor.fr\/sautter-pomor\/wp-content\/uploads\/2026\/04\/medium-shot-women-checking-products.webp 500w, https:\/\/dev.sautter-pomor.fr\/sautter-pomor\/wp-content\/uploads\/2026\/04\/medium-shot-women-checking-products-300x200.webp 300w\" sizes=\"auto, (max-width: 500px) 100vw, 500px\" \/><\/figure>\n\n\n\n<div class=\"wp-block-buttons absolute is-content-justification-center is-layout-flex wp-container-core-buttons-is-layout-16018d1d wp-block-buttons-is-layout-flex\">\n<div class=\"wp-block-button\"><a class=\"wp-block-button__link wp-element-button\" href=\"https:\/\/dev.sautter-pomor.fr\/sautter-pomor\/contact\/\">Posez-nous vos questions<\/a><\/div>\n<\/div>\n<\/div>\n<\/div>\n<\/div>\n<\/div>\n\n\n\n<hr class=\"wp-block-separator has-alpha-channel-opacity\"\/>\n\n\n\n<div class=\"wp-block-columns small-width is-layout-flex wp-container-core-columns-is-layout-9d6595d7 wp-block-columns-is-layout-flex\">\n<div class=\"wp-block-column is-layout-flow wp-block-column-is-layout-flow\" style=\"flex-basis:33.33%\"><div class=\"wp-block-image\">\n<figure class=\"alignright size-full is-resized\"><img loading=\"lazy\" decoding=\"async\" width=\"234\" height=\"333\" src=\"https:\/\/dev.sautter-pomor.fr\/sautter-pomor\/wp-content\/uploads\/2026\/04\/medium-shot-woman-holding-product.webp\" alt=\"jus pour les GMS\" class=\"wp-image-981\" style=\"aspect-ratio:0.7027302017975242;width:259px;height:auto\" srcset=\"https:\/\/dev.sautter-pomor.fr\/sautter-pomor\/wp-content\/uploads\/2026\/04\/medium-shot-woman-holding-product.webp 234w, https:\/\/dev.sautter-pomor.fr\/sautter-pomor\/wp-content\/uploads\/2026\/04\/medium-shot-woman-holding-product-211x300.webp 211w\" sizes=\"auto, (max-width: 234px) 100vw, 234px\" \/><\/figure>\n<\/div><\/div>\n\n\n\n<div class=\"wp-block-column is-layout-flow wp-block-column-is-layout-flow\" style=\"flex-basis:66.66%\">\n<h2 class=\"wp-block-heading\"><strong>Jus et cidres d\u2019Alsace\u202f: pur jus de pomme et vari\u00e9t\u00e9s authentiques<\/strong>\u00a0<\/h2>\n\n\n\n<p>Les jus de pomme artisanaux&nbsp;Sautter&nbsp;sont pl\u00e9biscit\u00e9s dans les grandes et moyennes surfaces. Notre pur jus de pomme d\u2019Alsace, press\u00e9 \u00e0 froid (trouble ou filtr\u00e9), capture les saveurs des vergers locaux, de nos vergers de la bande rh\u00e9nane.&nbsp;<\/p>\n\n\n\n<p>Les cidres bruts, mousseux, secs ou doux, 100\u202f% alsaciens, offrent une alternative saine aux sodas. Plus de 40\u202fr\u00e9f\u00e9rences, dont&nbsp;le&nbsp;jus de pomme-mangue ou&nbsp;le&nbsp;jus de pomme-mirabelle, en&nbsp;bouteilles&nbsp;consign\u00e9es (25\u202fcl, 75\u202fcl, 1\u202fl), boostent les ventes locales tout en&nbsp;s\u2019appuyant sur le meilleur du fruit.&nbsp;<\/p>\n\n\n\n<div class=\"wp-block-buttons is-layout-flex wp-block-buttons-is-layout-flex\">\n<div class=\"wp-block-button\"><a class=\"wp-block-button__link wp-element-button\" href=\"https:\/\/dev.sautter-pomor.fr\/sautter-pomor\/produits\/les-purs-jus\/\">Voir les produits<\/a><\/div>\n<\/div>\n<\/div>\n<\/div>\n\n\n\n<hr class=\"wp-block-separator has-alpha-channel-opacity\"\/>\n\n\n\n<div class=\"wp-block-columns container-histoire is-layout-flex wp-container-core-columns-is-layout-9d6595d7 wp-block-columns-is-layout-flex\">\n<div class=\"wp-block-column small-width is-layout-flow wp-block-column-is-layout-flow\">\n<div class=\"wp-block-columns are-vertically-aligned-center bloc-mea hist pos-absolute is-layout-flex wp-container-core-columns-is-layout-9d6595d7 wp-block-columns-is-layout-flex\">\n<div class=\"wp-block-column is-vertically-aligned-center is-layout-flow wp-block-column-is-layout-flow\" style=\"flex-basis:33.33%\">\n<figure class=\"wp-block-image size-full\"><img loading=\"lazy\" decoding=\"async\" width=\"457\" height=\"696\" src=\"https:\/\/dev.sautter-pomor.fr\/sautter-pomor\/wp-content\/uploads\/2026\/04\/framboise-1.png\" alt=\"\" class=\"wp-image-994\" srcset=\"https:\/\/dev.sautter-pomor.fr\/sautter-pomor\/wp-content\/uploads\/2026\/04\/framboise-1.png 457w, https:\/\/dev.sautter-pomor.fr\/sautter-pomor\/wp-content\/uploads\/2026\/04\/framboise-1-197x300.png 197w\" sizes=\"auto, (max-width: 457px) 100vw, 457px\" \/><\/figure>\n<\/div>\n\n\n\n<div class=\"wp-block-column is-vertically-aligned-center is-layout-flow wp-block-column-is-layout-flow\" style=\"flex-basis:66.66%\">\n<h2 class=\"wp-block-heading\"><strong>Solutions pour les familles et les enfants\u202f: convivialit\u00e9 et plaisir<\/strong>\u00a0<\/h2>\n\n\n\n<p>Sautter&nbsp;propose des jus de fruits purs sans additifs, parfaits pour les familles et enfants en grandes et moyennes surfaces. Le jus de pomme Alsace, doux et naturel, accompagne id\u00e9alement go\u00fbters et repas.&nbsp;M\u00e9langes bio comme pomme-framboise ou pomme-groseille, boissons&nbsp;So\u2019Th\u00e9, Pomme de No\u00ebl et&nbsp;Apfelschorle&nbsp;ravissent les plus jeunes.&nbsp;&nbsp;<\/p>\n\n\n\n<p>Emballages \u00e9coresponsables, formats adapt\u00e9s, Bag-in-Box et prix accessibles encouragent le consommer local, transformant chaque achat en&nbsp;un acte&nbsp;responsable.&nbsp;<\/p>\n\n\n\n<div class=\"wp-block-buttons is-layout-flex wp-block-buttons-is-layout-flex\">\n<div class=\"wp-block-button\"><a class=\"wp-block-button__link wp-element-button\" href=\"https:\/\/dev.sautter-pomor.fr\/sautter-pomor\/produits\/les-jus-bio\/\">D\u00e9couvrir nos Jus Bio<\/a><\/div>\n<\/div>\n<\/div>\n<\/div>\n<\/div>\n<\/div>\n\n\n\n<hr class=\"wp-block-separator has-alpha-channel-opacity\"\/>\n\n\n\n<div style=\"height:100px\" aria-hidden=\"true\" class=\"wp-block-spacer\"><\/div>\n\n\n\n<div class=\"wp-block-columns small-width is-layout-flex wp-container-core-columns-is-layout-9d6595d7 wp-block-columns-is-layout-flex\">\n<div class=\"wp-block-column is-layout-flow wp-block-column-is-layout-flow\">\n<h2 class=\"wp-block-heading\"><strong>Les vertus des boissons\u00a0Sautter\u202f: sant\u00e9 au quotidien<\/strong>\u00a0<\/h2>\n\n\n\n<p>Riches en vitamines et antioxydants, nos boissons soutiennent la sant\u00e9. Le pur jus de pomme booste l\u2019immunit\u00e9 et la digestion. Les cidres,\u00a0consomm\u00e9s\u00a0avec mod\u00e9ration, favorisent la d\u00e9tente. Sans conservateurs ni sucre ajout\u00e9, les jus de fruits bio allient bien-\u00eatre et tendances \u00e9coresponsables, attirant une client\u00e8le engag\u00e9e dans vos rayons.\u00a0<\/p>\n<\/div>\n\n\n\n<div class=\"wp-block-column is-layout-flow wp-block-column-is-layout-flow\">\n<h2 class=\"wp-block-heading\"><strong>Gammes\u00a0Sautter\u202f: bio pour l\u2019excellence, naturel pour l\u2019authenticit\u00e9<\/strong>\u00a0<\/h2>\n\n\n\n<p>Les gammes&nbsp;Sautter&nbsp;subliment vos rayons. Apfel&nbsp;Sautter&nbsp;propose des jus de pomme artisanaux&nbsp;premium (pomme-coing, pomme-mirabelle), parfaits pour accords mets-jus et r\u00e9pondant aux attentes de&nbsp;vos clients.&nbsp;&nbsp;<\/p>\n\n\n\n<p>Plus de 40\u202fvari\u00e9t\u00e9s&nbsp;couvrent tous les profils&nbsp;et r\u00e9pondent \u00e0 toutes les envies.&nbsp;&nbsp;<\/p>\n\n\n\n<p>Choisir&nbsp;Sautter, c\u2019est promouvoir le jus de pomme&nbsp;d\u2019Alsace et le terroir local tout en renfor\u00e7ant votre image de marque en GMS.&nbsp;<\/p>\n<\/div>\n<\/div>\n\n\n\n<hr class=\"wp-block-separator has-alpha-channel-opacity\"\/>\n\n\n\n<div class=\"wp-block-columns small-width is-layout-flex wp-container-core-columns-is-layout-9d6595d7 wp-block-columns-is-layout-flex\">\n<div class=\"wp-block-column is-layout-flow wp-block-column-is-layout-flow\">\n<h2 class=\"wp-block-heading\"><strong>Une mise \u00e0 disposition facilit\u00e9e\u202f: une logistique durable<\/strong>\u00a0<\/h2>\n\n\n\n<p>La collaboration avec vos plateformes sp\u00e9cialis\u00e9es assure une mise \u00e0 disposition fluide de nos jus de pomme, jus de fruits, boissons et cidres en grandes et moyennes surfaces. Livraisons r\u00e9guli\u00e8res en\u00a0consignes, volumes flexibles et promotions saisonni\u00e8res garantissent fra\u00eecheur et circuit court.\u00a0Sautter\u00a0privil\u00e9gie ce syst\u00e8me\u00a0\u00e9cologistique\u00a0pour minimiser les d\u00e9chets et relier les vergers alsaciens \u00e0 vos\u00a0rayons.\u00a0<\/p>\n<\/div>\n\n\n\n<div class=\"wp-block-column is-layout-flow wp-block-column-is-layout-flow\">\n<figure class=\"wp-block-image size-full\"><img loading=\"lazy\" decoding=\"async\" width=\"500\" height=\"333\" src=\"https:\/\/dev.sautter-pomor.fr\/sautter-pomor\/wp-content\/uploads\/2026\/04\/Sautter-2016-04_013.webp\" alt=\"fournisseur boissons alsace\" class=\"wp-image-815\" srcset=\"https:\/\/dev.sautter-pomor.fr\/sautter-pomor\/wp-content\/uploads\/2026\/04\/Sautter-2016-04_013.webp 500w, https:\/\/dev.sautter-pomor.fr\/sautter-pomor\/wp-content\/uploads\/2026\/04\/Sautter-2016-04_013-300x200.webp 300w\" sizes=\"auto, (max-width: 500px) 100vw, 500px\" \/><\/figure>\n<\/div>\n<\/div>\n","protected":false},"excerpt":{"rendered":"<p>Enrichissez vos rayons et s\u00e9duisez les familles ! Depuis 1888,&nbsp;Sautter, entreprise familiale alsacienne&nbsp;bas\u00e9e&nbsp;\u00e0 Sessenheim, tisse un partenariat de confiance avec les grandes et moyennes surfaces. Sp\u00e9cialis\u00e9e en jus de pomme&nbsp;d\u2019Alsace, jus de fruits et cidres naturels, la marque transforme 3\u2009000\u202ftonnes de pommes locales par an.&nbsp;Certifi\u00e9s bio&nbsp;Ecocert, nos&nbsp;jus de pomme sont ainsi diffus\u00e9s&nbsp;en&nbsp;bouteilles de&nbsp;verre consign\u00e9es&nbsp;(pr\u00e8s de [&hellip;]<\/p>\n","protected":false},"author":1,"featured_media":0,"parent":0,"menu_order":0,"comment_status":"closed","ping_status":"closed","template":"","meta":{"footnotes":""},"class_list":["post-972","page","type-page","status-publish","hentry"],"yoast_head":"<!-- This site is optimized with the Yoast SEO plugin v27.2 - https:\/\/yoast.com\/product\/yoast-seo-wordpress\/ -->\n<title>Nous sommes partenaire privil\u00e9gi\u00e9 des grandes et moyennes surfaces - Sautter-Pomor<\/title>\n<meta name=\"robots\" content=\"noindex, follow, max-snippet:-1, max-image-preview:large, max-video-preview:-1\" \/>\n<meta property=\"og:locale\" content=\"fr_FR\" \/>\n<meta property=\"og:type\" content=\"article\" \/>\n<meta property=\"og:title\" content=\"Nous sommes partenaire privil\u00e9gi\u00e9 des grandes et moyennes surfaces - Sautter-Pomor\" \/>\n<meta property=\"og:description\" content=\"Enrichissez vos rayons et s\u00e9duisez les familles ! Depuis 1888,&nbsp;Sautter, entreprise familiale alsacienne&nbsp;bas\u00e9e&nbsp;\u00e0 Sessenheim, tisse un partenariat de confiance avec les grandes et moyennes surfaces. Sp\u00e9cialis\u00e9e en jus de pomme&nbsp;d\u2019Alsace, jus de fruits et cidres naturels, la marque transforme 3\u2009000\u202ftonnes de pommes locales par an.&nbsp;Certifi\u00e9s bio&nbsp;Ecocert, nos&nbsp;jus de pomme sont ainsi diffus\u00e9s&nbsp;en&nbsp;bouteilles de&nbsp;verre consign\u00e9es&nbsp;(pr\u00e8s de [&hellip;]\" \/>\n<meta property=\"og:url\" content=\"https:\/\/dev.sautter-pomor.fr\/sautter-pomor\/nous-sommes-partenaire-privilegie-des-grandes-et-moyennes-surfaces\/\" \/>\n<meta property=\"og:site_name\" content=\"Sautter-Pomor\" \/>\n<meta property=\"article:publisher\" content=\"https:\/\/www.facebook.com\/profile.php?id=100061598934867\" \/>\n<meta property=\"article:modified_time\" content=\"2026-04-15T09:22:25+00:00\" \/>\n<meta property=\"og:image\" content=\"https:\/\/dev.sautter-pomor.fr\/sautter-pomor\/wp-content\/uploads\/2026\/04\/medium-shot-women-checking-products.webp\" \/>\n\t<meta property=\"og:image:width\" content=\"500\" \/>\n\t<meta property=\"og:image:height\" content=\"333\" \/>\n\t<meta property=\"og:image:type\" content=\"image\/webp\" \/>\n<meta name=\"twitter:card\" content=\"summary_large_image\" \/>\n<meta name=\"twitter:label1\" content=\"Dur\u00e9e de lecture estim\u00e9e\" \/>\n\t<meta name=\"twitter:data1\" content=\"4 minutes\" \/>\n<script type=\"application\/ld+json\" class=\"yoast-schema-graph\">{\"@context\":\"https:\/\/schema.org\",\"@graph\":[{\"@type\":\"WebPage\",\"@id\":\"https:\/\/dev.sautter-pomor.fr\/sautter-pomor\/nous-sommes-partenaire-privilegie-des-grandes-et-moyennes-surfaces\/\",\"url\":\"https:\/\/dev.sautter-pomor.fr\/sautter-pomor\/nous-sommes-partenaire-privilegie-des-grandes-et-moyennes-surfaces\/\",\"name\":\"Nous sommes partenaire privil\u00e9gi\u00e9 des grandes et moyennes surfaces - Sautter-Pomor\",\"isPartOf\":{\"@id\":\"https:\/\/dev.sautter-pomor.fr\/sautter-pomor\/#website\"},\"primaryImageOfPage\":{\"@id\":\"https:\/\/dev.sautter-pomor.fr\/sautter-pomor\/nous-sommes-partenaire-privilegie-des-grandes-et-moyennes-surfaces\/#primaryimage\"},\"image\":{\"@id\":\"https:\/\/dev.sautter-pomor.fr\/sautter-pomor\/nous-sommes-partenaire-privilegie-des-grandes-et-moyennes-surfaces\/#primaryimage\"},\"thumbnailUrl\":\"https:\/\/dev.sautter-pomor.fr\/sautter-pomor\/wp-content\/uploads\/2026\/04\/medium-shot-women-checking-products.webp\",\"datePublished\":\"2026-04-15T08:52:15+00:00\",\"dateModified\":\"2026-04-15T09:22:25+00:00\",\"breadcrumb\":{\"@id\":\"https:\/\/dev.sautter-pomor.fr\/sautter-pomor\/nous-sommes-partenaire-privilegie-des-grandes-et-moyennes-surfaces\/#breadcrumb\"},\"inLanguage\":\"fr-FR\",\"potentialAction\":[{\"@type\":\"ReadAction\",\"target\":[\"https:\/\/dev.sautter-pomor.fr\/sautter-pomor\/nous-sommes-partenaire-privilegie-des-grandes-et-moyennes-surfaces\/\"]}]},{\"@type\":\"ImageObject\",\"inLanguage\":\"fr-FR\",\"@id\":\"https:\/\/dev.sautter-pomor.fr\/sautter-pomor\/nous-sommes-partenaire-privilegie-des-grandes-et-moyennes-surfaces\/#primaryimage\",\"url\":\"https:\/\/dev.sautter-pomor.fr\/sautter-pomor\/wp-content\/uploads\/2026\/04\/medium-shot-women-checking-products.webp\",\"contentUrl\":\"https:\/\/dev.sautter-pomor.fr\/sautter-pomor\/wp-content\/uploads\/2026\/04\/medium-shot-women-checking-products.webp\",\"width\":500,\"height\":333,\"caption\":\"distributeur GMS\"},{\"@type\":\"BreadcrumbList\",\"@id\":\"https:\/\/dev.sautter-pomor.fr\/sautter-pomor\/nous-sommes-partenaire-privilegie-des-grandes-et-moyennes-surfaces\/#breadcrumb\",\"itemListElement\":[{\"@type\":\"ListItem\",\"position\":1,\"name\":\"Accueil\",\"item\":\"https:\/\/dev.sautter-pomor.fr\/sautter-pomor\/\"},{\"@type\":\"ListItem\",\"position\":2,\"name\":\"Nous sommes partenaire privil\u00e9gi\u00e9 des grandes et moyennes surfaces\"}]},{\"@type\":\"WebSite\",\"@id\":\"https:\/\/dev.sautter-pomor.fr\/sautter-pomor\/#website\",\"url\":\"https:\/\/dev.sautter-pomor.fr\/sautter-pomor\/\",\"name\":\"Sautter-Pomor\",\"description\":\"Jus de fruits, jus de l\u00e9gumes et cidres en Alsace depuis plus de 125 ans\",\"publisher\":{\"@id\":\"https:\/\/dev.sautter-pomor.fr\/sautter-pomor\/#organization\"},\"potentialAction\":[{\"@type\":\"SearchAction\",\"target\":{\"@type\":\"EntryPoint\",\"urlTemplate\":\"https:\/\/dev.sautter-pomor.fr\/sautter-pomor\/?s={search_term_string}\"},\"query-input\":{\"@type\":\"PropertyValueSpecification\",\"valueRequired\":true,\"valueName\":\"search_term_string\"}}],\"inLanguage\":\"fr-FR\"},{\"@type\":\"Organization\",\"@id\":\"https:\/\/dev.sautter-pomor.fr\/sautter-pomor\/#organization\",\"name\":\"Sautter Pomor\",\"url\":\"https:\/\/dev.sautter-pomor.fr\/sautter-pomor\/\",\"logo\":{\"@type\":\"ImageObject\",\"inLanguage\":\"fr-FR\",\"@id\":\"https:\/\/dev.sautter-pomor.fr\/sautter-pomor\/#\/schema\/logo\/image\/\",\"url\":\"https:\/\/dev.sautter-pomor.fr\/sautter-pomor\/wp-content\/uploads\/2026\/02\/cropped-logo_site_hd.png\",\"contentUrl\":\"https:\/\/dev.sautter-pomor.fr\/sautter-pomor\/wp-content\/uploads\/2026\/02\/cropped-logo_site_hd.png\",\"width\":240,\"height\":127,\"caption\":\"Sautter Pomor\"},\"image\":{\"@id\":\"https:\/\/dev.sautter-pomor.fr\/sautter-pomor\/#\/schema\/logo\/image\/\"},\"sameAs\":[\"https:\/\/www.facebook.com\/profile.php?id=100061598934867\"]}]}<\/script>\n<!-- \/ Yoast SEO plugin. -->","yoast_head_json":{"title":"Nous sommes partenaire privil\u00e9gi\u00e9 des grandes et moyennes surfaces - Sautter-Pomor","robots":{"index":"noindex","follow":"follow","max-snippet":"max-snippet:-1","max-image-preview":"max-image-preview:large","max-video-preview":"max-video-preview:-1"},"og_locale":"fr_FR","og_type":"article","og_title":"Nous sommes partenaire privil\u00e9gi\u00e9 des grandes et moyennes surfaces - Sautter-Pomor","og_description":"Enrichissez vos rayons et s\u00e9duisez les familles ! Depuis 1888,&nbsp;Sautter, entreprise familiale alsacienne&nbsp;bas\u00e9e&nbsp;\u00e0 Sessenheim, tisse un partenariat de confiance avec les grandes et moyennes surfaces. Sp\u00e9cialis\u00e9e en jus de pomme&nbsp;d\u2019Alsace, jus de fruits et cidres naturels, la marque transforme 3\u2009000\u202ftonnes de pommes locales par an.&nbsp;Certifi\u00e9s bio&nbsp;Ecocert, nos&nbsp;jus de pomme sont ainsi diffus\u00e9s&nbsp;en&nbsp;bouteilles de&nbsp;verre consign\u00e9es&nbsp;(pr\u00e8s de [&hellip;]","og_url":"https:\/\/dev.sautter-pomor.fr\/sautter-pomor\/nous-sommes-partenaire-privilegie-des-grandes-et-moyennes-surfaces\/","og_site_name":"Sautter-Pomor","article_publisher":"https:\/\/www.facebook.com\/profile.php?id=100061598934867","article_modified_time":"2026-04-15T09:22:25+00:00","og_image":[{"width":500,"height":333,"url":"https:\/\/dev.sautter-pomor.fr\/sautter-pomor\/wp-content\/uploads\/2026\/04\/medium-shot-women-checking-products.webp","type":"image\/webp"}],"twitter_card":"summary_large_image","twitter_misc":{"Dur\u00e9e de lecture estim\u00e9e":"4 minutes"},"schema":{"@context":"https:\/\/schema.org","@graph":[{"@type":"WebPage","@id":"https:\/\/dev.sautter-pomor.fr\/sautter-pomor\/nous-sommes-partenaire-privilegie-des-grandes-et-moyennes-surfaces\/","url":"https:\/\/dev.sautter-pomor.fr\/sautter-pomor\/nous-sommes-partenaire-privilegie-des-grandes-et-moyennes-surfaces\/","name":"Nous sommes partenaire privil\u00e9gi\u00e9 des grandes et moyennes surfaces - Sautter-Pomor","isPartOf":{"@id":"https:\/\/dev.sautter-pomor.fr\/sautter-pomor\/#website"},"primaryImageOfPage":{"@id":"https:\/\/dev.sautter-pomor.fr\/sautter-pomor\/nous-sommes-partenaire-privilegie-des-grandes-et-moyennes-surfaces\/#primaryimage"},"image":{"@id":"https:\/\/dev.sautter-pomor.fr\/sautter-pomor\/nous-sommes-partenaire-privilegie-des-grandes-et-moyennes-surfaces\/#primaryimage"},"thumbnailUrl":"https:\/\/dev.sautter-pomor.fr\/sautter-pomor\/wp-content\/uploads\/2026\/04\/medium-shot-women-checking-products.webp","datePublished":"2026-04-15T08:52:15+00:00","dateModified":"2026-04-15T09:22:25+00:00","breadcrumb":{"@id":"https:\/\/dev.sautter-pomor.fr\/sautter-pomor\/nous-sommes-partenaire-privilegie-des-grandes-et-moyennes-surfaces\/#breadcrumb"},"inLanguage":"fr-FR","potentialAction":[{"@type":"ReadAction","target":["https:\/\/dev.sautter-pomor.fr\/sautter-pomor\/nous-sommes-partenaire-privilegie-des-grandes-et-moyennes-surfaces\/"]}]},{"@type":"ImageObject","inLanguage":"fr-FR","@id":"https:\/\/dev.sautter-pomor.fr\/sautter-pomor\/nous-sommes-partenaire-privilegie-des-grandes-et-moyennes-surfaces\/#primaryimage","url":"https:\/\/dev.sautter-pomor.fr\/sautter-pomor\/wp-content\/uploads\/2026\/04\/medium-shot-women-checking-products.webp","contentUrl":"https:\/\/dev.sautter-pomor.fr\/sautter-pomor\/wp-content\/uploads\/2026\/04\/medium-shot-women-checking-products.webp","width":500,"height":333,"caption":"distributeur GMS"},{"@type":"BreadcrumbList","@id":"https:\/\/dev.sautter-pomor.fr\/sautter-pomor\/nous-sommes-partenaire-privilegie-des-grandes-et-moyennes-surfaces\/#breadcrumb","itemListElement":[{"@type":"ListItem","position":1,"name":"Accueil","item":"https:\/\/dev.sautter-pomor.fr\/sautter-pomor\/"},{"@type":"ListItem","position":2,"name":"Nous sommes partenaire privil\u00e9gi\u00e9 des grandes et moyennes surfaces"}]},{"@type":"WebSite","@id":"https:\/\/dev.sautter-pomor.fr\/sautter-pomor\/#website","url":"https:\/\/dev.sautter-pomor.fr\/sautter-pomor\/","name":"Sautter-Pomor","description":"Jus de fruits, jus de l\u00e9gumes et cidres en Alsace depuis plus de 125 ans","publisher":{"@id":"https:\/\/dev.sautter-pomor.fr\/sautter-pomor\/#organization"},"potentialAction":[{"@type":"SearchAction","target":{"@type":"EntryPoint","urlTemplate":"https:\/\/dev.sautter-pomor.fr\/sautter-pomor\/?s={search_term_string}"},"query-input":{"@type":"PropertyValueSpecification","valueRequired":true,"valueName":"search_term_string"}}],"inLanguage":"fr-FR"},{"@type":"Organization","@id":"https:\/\/dev.sautter-pomor.fr\/sautter-pomor\/#organization","name":"Sautter Pomor","url":"https:\/\/dev.sautter-pomor.fr\/sautter-pomor\/","logo":{"@type":"ImageObject","inLanguage":"fr-FR","@id":"https:\/\/dev.sautter-pomor.fr\/sautter-pomor\/#\/schema\/logo\/image\/","url":"https:\/\/dev.sautter-pomor.fr\/sautter-pomor\/wp-content\/uploads\/2026\/02\/cropped-logo_site_hd.png","contentUrl":"https:\/\/dev.sautter-pomor.fr\/sautter-pomor\/wp-content\/uploads\/2026\/02\/cropped-logo_site_hd.png","width":240,"height":127,"caption":"Sautter Pomor"},"image":{"@id":"https:\/\/dev.sautter-pomor.fr\/sautter-pomor\/#\/schema\/logo\/image\/"},"sameAs":["https:\/\/www.facebook.com\/profile.php?id=100061598934867"]}]}},"_links":{"self":[{"href":"https:\/\/dev.sautter-pomor.fr\/sautter-pomor\/wp-json\/wp\/v2\/pages\/972","targetHints":{"allow":["GET"]}}],"collection":[{"href":"https:\/\/dev.sautter-pomor.fr\/sautter-pomor\/wp-json\/wp\/v2\/pages"}],"about":[{"href":"https:\/\/dev.sautter-pomor.fr\/sautter-pomor\/wp-json\/wp\/v2\/types\/page"}],"author":[{"embeddable":true,"href":"https:\/\/dev.sautter-pomor.fr\/sautter-pomor\/wp-json\/wp\/v2\/users\/1"}],"replies":[{"embeddable":true,"href":"https:\/\/dev.sautter-pomor.fr\/sautter-pomor\/wp-json\/wp\/v2\/comments?post=972"}],"version-history":[{"count":17,"href":"https:\/\/dev.sautter-pomor.fr\/sautter-pomor\/wp-json\/wp\/v2\/pages\/972\/revisions"}],"predecessor-version":[{"id":999,"href":"https:\/\/dev.sautter-pomor.fr\/sautter-pomor\/wp-json\/wp\/v2\/pages\/972\/revisions\/999"}],"wp:attachment":[{"href":"https:\/\/dev.sautter-pomor.fr\/sautter-pomor\/wp-json\/wp\/v2\/media?parent=972"}],"curies":[{"name":"wp","href":"https:\/\/api.w.org\/{rel}","templated":true}]}}